{"id":6205,"date":"2025-06-15T15:14:44","date_gmt":"2025-06-15T14:14:44","guid":{"rendered":"https:\/\/dureriskola.hu\/bay\/?page_id=6205"},"modified":"2026-02-01T23:15:53","modified_gmt":"2026-02-01T22:15:53","slug":"iskolakert","status":"publish","type":"page","link":"https:\/\/dureriskola.hu\/bay\/?page_id=6205","title":{"rendered":"Iskolakert"},"content":{"rendered":"<div class=\"fcbkbttn_buttons_block\" id=\"fcbkbttn_left\"><div class=\"fcbkbttn_button\">\n                            <a href=\"https:\/\/www.facebook.com\/\" target=\"_blank\">\n                                <img src=\"https:\/\/dureriskola.hu\/bay\/wp-content\/plugins\/facebook-button-plugin\/images\/standard-facebook-ico.png\" alt=\"Fb-Button\" \/>\n                            <\/a>\n                        <\/div><div class=\"fcbkbttn_like \"><fb:like href=\"https:\/\/dureriskola.hu\/bay\/?page_id=6205\" action=\"like\" colorscheme=\"dark\" layout=\"standard\" show-faces='false' width=\"225px\" size=\"small\"><\/fb:like><\/div><\/div>\n<p>A Gyulai D\u00fcrer Albert \u00c1ltal\u00e1nos Iskola Bay Zolt\u00e1n Tagint\u00e9zm\u00e9nye Gyula k\u00fclv\u00e1rosi, csal\u00e1dias hangulat\u00fa, kis l\u00e9tsz\u00e1m\u00fa \u00e1ltal\u00e1nos iskol\u00e1ja, mely 130 \u00e9ve \u00e9p\u00fclt. 2018 \u00f3ta folyamatos fejleszt\u00e9sek teszik szebb\u00e9, korszer\u0171bb\u00e9 az \u00e9p\u00fcletet \u00e9s k\u00f6rnyezet\u00e9t. A z\u00f6ld szabadid\u0151kerten k\u00edv\u00fcl rendelkez\u00fcnk vetem\u00e9nyessel, gy\u00fcm\u00f6lcsf\u00e1kkal \u00e9s vir\u00e1gl\u00e1d\u00e1kkal is. Jelenleg 13 f\u0151 pedag\u00f3gus, 2 f\u0151 pedag\u00f3giai asszisztens dolgozik n\u00e1lunk, illetve 130 f\u0151 tanul\u00f3 j\u00e1r hozz\u00e1nk. Az iskolakerttel kapcsolatos terveket, munkatervet r\u00f6gz\u00edtett\u00fck a Pedag\u00f3giai Programban. Rengeteg elk\u00e9pzel\u00e9s\u00fcnk van, f\u0151 c\u00e9lunk, hogy \u00f6koiskola legy\u00fcnk.<\/p>\n\n\n\n<p>A primer prevenci\u00f3, mint els\u0151dleges megel\u0151z\u00e9si m\u00f3dszer egyik lehet\u0151s\u00e9ge az iskolakert m\u0171vel\u00e9se, mint \u00e9lm\u00e9nypedag\u00f3giai eszk\u00f6z, mely:<br>&#8211; SNI tanul\u00f3k eset\u00e9ben ter\u00e1pi\u00e1s hat\u00e1ssal b\u00edr<br>&#8211; a HH di\u00e1kok eset\u00e9ben alapvet\u0151en fontos elm\u00e9leti \u00e9s gyakorlati<br>ismereteket ad<br>&#8211; interakt\u00edv tanul\u00e1st tesz lehet\u0151v\u00e9<br>&#8211; munk\u00e1ra, gyakorlatiass\u00e1gra nevel<br>&#8211; fenntarthat\u00f3s\u00e1gra nevel<br>&#8211; seg\u00edt a p\u00e1lyaorient\u00e1ci\u00f3ban<br>&#8211; k\u00f6z\u00f6ss\u00e9gform\u00e1l\u00f3<br>&#8211; szem\u00e9lyis\u00e9gform\u00e1l\u00f3<br>&#8211; \u00f6ngondoskod\u00e1sra nevel<br>&#8211; kieg\u00e9sz\u00edti a tantermi tananyagokat<br>&#8211; eg\u00e9szs\u00e9ges \u00e9letm\u00f3dra \u00f6szt\u00f6n\u00f6z<br>&#8211; felel\u0151ss\u00e9get alak\u00edt ki<br>&#8211; fejleszti a probl\u00e9mamegold\u00f3 k\u00e9szs\u00e9get \u00e9s az egy\u00fcttm\u0171k\u00f6d\u00e9st<\/p>\n\n\n\n<p>Az iskolakertet m\u00e1rciusban kezdt\u00fck fel\u00e9breszteni. Az Iskolakertek\u00e9rt Alap\u00edtv\u00e1nyhoz csatlakozva v\u00e1llaltuk, hogy m\u00e1rcius 30-ig el is kezdj\u00fck \u00e9s hetente v\u00e9gz\u00fcnk munk\u00e1latokat, min. 20 m\u00b2-en.<br>Balesetv\u00e9delmi oktat\u00e1st is tartottunk a di\u00e1koknak, fel\u00e1ll\u00edtva a kerti munka viselked\u00e9si szab\u00e1lyait is.<\/p>\n\n\n\n<p>Minden oszt\u00e1ly r\u00e9szt v\u00e1llalt a kert\u00e9szked\u00e9sben, min. 20 f\u0151 di\u00e1k. <br>L\u00e9trehoztunk egy iskolakert munkacsoportot, melynek tagjai a tan\u00edt\u00f3n\u00e9nik, fels\u0151s oszt\u00e1lyf\u0151n\u00f6k\u00f6k, a di\u00e1kok, illetve a pedag\u00f3giai asszisztens.<br>Minden feladatnak kijel\u00f6lt\u00fcnk egy-egy felel\u0151st.<br>Az iskola weboldal\u00e1n \u201eIskolakert\u201d men\u00fcpont alatt, illetve Facebook oldalunkon felt\u00f6lt\u00f6tt\u00fck az esem\u00e9nyeket, munk\u00e1nk eredm\u00e9nyeit. (gy\u00fcm\u00f6lcsfa \u00fcltet\u00e9s fot\u00f3k, vetem\u00e9nyez\u00e9s fot\u00f3k, mad\u00e1retet\u0151s fot\u00f3k, iskolagy\u00fcm\u00f6lcs pal\u00e1nt\u00e1z\u00e1s, vir\u00e1gl\u00e1d\u00e1k, f\u0171szern\u00f6v\u00e9nyek)<br>A vetem\u00e9nyes locsol\u00e1sa a fels\u0151s napk\u00f6zisek feladata, a vir\u00e1gl\u00e1d\u00e1kat a kisebbek is \u00f6nt\u00f6zt\u00e9k.<br>Kialak\u00edtottunk egy nagyobb komposzt\u00e1l\u00f3t is.<br>F\u00e9l\u00e9vente kapunk az Iskolakert h\u00e1l\u00f3zatt\u00f3l 10.000.- v\u00e1s\u00e1rl\u00e1si utalv\u00e1nyt, melyet az O\u00e1zis Kert\u00e9szetben lehet bev\u00e1ltani. Az els\u0151 v\u00e1s\u00e1rl\u00e1s sor\u00e1n v\u00e9d\u0151n\u00f6v\u00e9nyeket, f\u0171szer-\u00e9s gy\u00f3gyn\u00f6v\u00e9nyeket v\u00e1s\u00e1roltunk. Emellett felaj\u00e1nl\u00e1sok seg\u00edtett\u00e9k terveink megval\u00f3sul\u00e1s\u00e1t, egyny\u00e1ri n\u00f6v\u00e9nyeket kaptunk, amiket egy sz\u00fcl\u0151 \u00e1ltal k\u00e9sz\u00edtett vir\u00e1gl\u00e1d\u00e1kba \u00fcltett\u00fcnk el.<\/p>\n\n\n\n<p>Okt\u00f3ber\u00e9ben 10 db gy\u00fcm\u00f6lcsfa csemet\u00e9t nyert\u00fcnk p\u00e1ly\u00e1zaton a M\u00edg Kert\u00e9szett\u0151l, melyet fels\u0151s di\u00e1kjaink \u00fcltettek el. Olyan gy\u00fcm\u00f6lcsf\u00e1kat v\u00e1lasztottunk, melyek a tan\u00e9v ideje alatt teremnek, \u00edgy rem\u00e9lj\u00fck, hamarosan k\u00f6z\u00f6sen sz\u00fcretelhet\u00fcnk a di\u00e1kokkal.<br>2 db ELBERTA \u0151szibarackfa, (szeptember elej\u00e9n hozza term\u00e9s\u00e9t)<br>1 db Tuono mandulafa (augusztus v\u00e9g\u00e9n terem)<br>1 db Conference k\u00f6rtefa (szeptemberben hoz term\u00e9st)<br>1 db Bosc kobak k\u00f6rtefa (szeptemberben terem)<br>1 db Valerij Cskalov cseresznyefa (m\u00e1jus v\u00e9g\u00e9n terem)<br>1 db Bigarreau Burlat cseresznyefa (m\u00e1just\u00f3l j\u00faliusig terem)<br>1 db Jeromine almafa (szeptemberben terem)<br>1 db Luna almafa (okt\u00f3berben terem)<br>1 db Bonita almafa (okt\u00f3bert\u0151l terem)<\/p>\n\n\n\n<figure class=\"wp-block-gallery has-nested-images columns-default is-cropped wp-block-gallery-1 is-layout-flex wp-block-gallery-is-layout-flex\"><\/figure>\n\n\n\n<p>Kit\u0171z\u00f6tt r\u00f6vidt\u00e1v\u00fa c\u00e9ljaink<\/p>\n\n\n\n<p>&#8211; m\u00e1lna, eper \u00fcltet\u00e9s<br>&#8211; es\u0151v\u00edzgy\u0171jt\u0151 beszerz\u00e9se (+ h\u00e1l\u00f3 \u00e9s csap)<br>&#8211; z\u00f6ld kuka a konyha mell\u00e9<br>&#8211; szersz\u00e1mok beszerz\u00e9se (gereblye, locsol\u00f3, kapa, \u00e1s\u00f3)<br>&#8211; tapos\u00f3\u00f6sv\u00e9ny<br>&#8211; Zseblabor<br>&#8211; f\u0171szerkert<\/p>\n\n\n\n<div class=\"wp-block-file\"><object class=\"wp-block-file__embed\" data=\"https:\/\/dureriskola.hu\/bay\/wp-content\/uploads\/2026\/02\/Allatvedelmi-kodex.pdf\" type=\"application\/pdf\" style=\"width:100%;height:600px\" aria-label=\"Allatvedelmi-kodex be\u00e1gyaz\u00e1sa\"><\/object><a id=\"wp-block-file--media-12a84b7e-9c78-4ddd-ad32-fa729dcf7ddd\" href=\"https:\/\/dureriskola.hu\/bay\/wp-content\/uploads\/2026\/02\/Allatvedelmi-kodex.pdf\">Allatvedelmi-kodex<\/a><a href=\"https:\/\/dureriskola.hu\/bay\/wp-content\/uploads\/2026\/02\/Allatvedelmi-kodex.pdf\" class=\"wp-block-file__button wp-element-button\" download aria-describedby=\"wp-block-file--media-12a84b7e-9c78-4ddd-ad32-fa729dcf7ddd\">Let\u00f6lt\u00e9s<\/a><\/div>\n","protected":false},"excerpt":{"rendered":"<p>A Gyulai D\u00fcrer Albert \u00c1ltal\u00e1nos Iskola Bay Zolt\u00e1n Tagint\u00e9zm\u00e9nye Gyula k\u00fclv\u00e1rosi, csal\u00e1dias hangulat\u00fa, kis l\u00e9tsz\u00e1m\u00fa \u00e1ltal\u00e1nos iskol\u00e1ja, mely 130 \u00e9ve \u00e9p\u00fclt. 2018 \u00f3ta folyamatos fejleszt\u00e9sek teszik szebb\u00e9, korszer\u0171bb\u00e9 az \u00e9p\u00fcletet \u00e9s k\u00f6rnyezet\u00e9t. A z\u00f6ld szabadid\u0151kerten k\u00edv\u00fcl rendelkez\u00fcnk vetem\u00e9nyessel, gy\u00fcm\u00f6lcsf\u00e1kkal \u00e9s vir\u00e1gl\u00e1d\u00e1kkal is. Jelenleg 13 f\u0151 pedag\u00f3gus, 2 f\u0151 pedag\u00f3giai asszisztens dolgozik n\u00e1lunk, illetve 130 f\u0151 [&hellip;]<\/p>\n","protected":false},"author":1,"featured_media":0,"parent":0,"menu_order":0,"comment_status":"closed","ping_status":"closed","template":"","meta":{"footnotes":""},"_links":{"self":[{"href":"https:\/\/dureriskola.hu\/bay\/index.php?rest_route=\/wp\/v2\/pages\/6205"}],"collection":[{"href":"https:\/\/dureriskola.hu\/bay\/index.php?rest_route=\/wp\/v2\/pages"}],"about":[{"href":"https:\/\/dureriskola.hu\/bay\/index.php?rest_route=\/wp\/v2\/types\/page"}],"author":[{"embeddable":true,"href":"https:\/\/dureriskola.hu\/bay\/index.php?rest_route=\/wp\/v2\/users\/1"}],"replies":[{"embeddable":true,"href":"https:\/\/dureriskola.hu\/bay\/index.php?rest_route=%2Fwp%2Fv2%2Fcomments&post=6205"}],"version-history":[{"count":2,"href":"https:\/\/dureriskola.hu\/bay\/index.php?rest_route=\/wp\/v2\/pages\/6205\/revisions"}],"predecessor-version":[{"id":6272,"href":"https:\/\/dureriskola.hu\/bay\/index.php?rest_route=\/wp\/v2\/pages\/6205\/revisions\/6272"}],"wp:attachment":[{"href":"https:\/\/dureriskola.hu\/bay\/index.php?rest_route=%2Fwp%2Fv2%2Fmedia&parent=6205"}],"curies":[{"name":"wp","href":"https:\/\/api.w.org\/{rel}","templated":true}]}}