{"id":5812,"date":"2024-03-26T12:45:38","date_gmt":"2024-03-26T12:45:38","guid":{"rendered":"https:\/\/dureriskola.hu\/bay\/?page_id=5812"},"modified":"2024-03-26T12:45:38","modified_gmt":"2024-03-26T12:45:38","slug":"a-kotelezo-felvetelt-biztosito-altalanos-iskolak-korzethatarai-gyulai-jaras-2024-2025-tanev","status":"publish","type":"page","link":"https:\/\/dureriskola.hu\/bay\/?page_id=5812","title":{"rendered":"A k\u00f6telez\u0151 felv\u00e9telt biztos\u00edt\u00f3 \u00e1ltal\u00e1nos iskol\u00e1k k\u00f6rzethat\u00e1rai &#8211; Gyulai j\u00e1r\u00e1s 2024 &#8211; 2025. tan\u00e9v"},"content":{"rendered":"<div class=\"fcbkbttn_buttons_block\" id=\"fcbkbttn_left\"><div class=\"fcbkbttn_button\">\n                            <a href=\"https:\/\/www.facebook.com\/\" target=\"_blank\">\n                                <img src=\"https:\/\/dureriskola.hu\/bay\/wp-content\/plugins\/facebook-button-plugin\/images\/standard-facebook-ico.png\" alt=\"Fb-Button\" \/>\n                            <\/a>\n                        <\/div><div class=\"fcbkbttn_like \"><fb:like href=\"https:\/\/dureriskola.hu\/bay\/?page_id=5812\" action=\"like\" colorscheme=\"dark\" layout=\"standard\" show-faces='false' width=\"225px\" size=\"small\"><\/fb:like><\/div><\/div>\n<p><a href=\"https:\/\/dureriskola.hu\/durer\/beiskolazas_2024\/korzethat_24_25.pdf\">A k\u00f6telez\u0151 felv\u00e9telt biztos\u00edt\u00f3 \u00e1ltal\u00e1nos iskol\u00e1k k\u00f6rzethat\u00e1rai &#8211; Gyulai j\u00e1r\u00e1s 2024 &#8211; 2025. tan\u00e9v<\/a><\/p>\n","protected":false},"excerpt":{"rendered":"<p>A k\u00f6telez\u0151 felv\u00e9telt biztos\u00edt\u00f3 \u00e1ltal\u00e1nos iskol\u00e1k k\u00f6rzethat\u00e1rai &#8211; Gyulai j\u00e1r\u00e1s 2024 &#8211; 2025. tan\u00e9v<\/p>\n","protected":false},"author":1,"featured_media":0,"parent":4161,"menu_order":0,"comment_status":"closed","ping_status":"closed","template":"","meta":{"footnotes":""},"_links":{"self":[{"href":"https:\/\/dureriskola.hu\/bay\/index.php?rest_route=\/wp\/v2\/pages\/5812"}],"collection":[{"href":"https:\/\/dureriskola.hu\/bay\/index.php?rest_route=\/wp\/v2\/pages"}],"about":[{"href":"https:\/\/dureriskola.hu\/bay\/index.php?rest_route=\/wp\/v2\/types\/page"}],"author":[{"embeddable":true,"href":"https:\/\/dureriskola.hu\/bay\/index.php?rest_route=\/wp\/v2\/users\/1"}],"replies":[{"embeddable":true,"href":"https:\/\/dureriskola.hu\/bay\/index.php?rest_route=%2Fwp%2Fv2%2Fcomments&post=5812"}],"version-history":[{"count":1,"href":"https:\/\/dureriskola.hu\/bay\/index.php?rest_route=\/wp\/v2\/pages\/5812\/revisions"}],"predecessor-version":[{"id":5813,"href":"https:\/\/dureriskola.hu\/bay\/index.php?rest_route=\/wp\/v2\/pages\/5812\/revisions\/5813"}],"up":[{"embeddable":true,"href":"https:\/\/dureriskola.hu\/bay\/index.php?rest_route=\/wp\/v2\/pages\/4161"}],"wp:attachment":[{"href":"https:\/\/dureriskola.hu\/bay\/index.php?rest_route=%2Fwp%2Fv2%2Fmedia&parent=5812"}],"curies":[{"name":"wp","href":"https:\/\/api.w.org\/{rel}","templated":true}]}}