{"id":5810,"date":"2024-03-26T12:44:03","date_gmt":"2024-03-26T12:44:03","guid":{"rendered":"https:\/\/dureriskola.hu\/bay\/?page_id=5810"},"modified":"2024-03-26T12:44:03","modified_gmt":"2024-03-26T12:44:03","slug":"kreta-szuloi-tajekoztato-segedlet-elozetes-jelentkezeshez","status":"publish","type":"page","link":"https:\/\/dureriskola.hu\/bay\/?page_id=5810","title":{"rendered":"KR\u00c9TA sz\u00fcl\u0151i t\u00e1j\u00e9koztat\u00f3 seg\u00e9dlet el\u0151zetes jelentkez\u00e9shez"},"content":{"rendered":"<div class=\"fcbkbttn_buttons_block\" id=\"fcbkbttn_left\"><div class=\"fcbkbttn_button\">\n                            <a href=\"https:\/\/www.facebook.com\/\" target=\"_blank\">\n                                <img src=\"https:\/\/dureriskola.hu\/bay\/wp-content\/plugins\/facebook-button-plugin\/images\/standard-facebook-ico.png\" alt=\"Fb-Button\" \/>\n                            <\/a>\n                        <\/div><div class=\"fcbkbttn_like \"><fb:like href=\"https:\/\/dureriskola.hu\/bay\/?page_id=5810\" action=\"like\" colorscheme=\"dark\" layout=\"standard\" show-faces='false' width=\"225px\" size=\"small\"><\/fb:like><\/div><\/div>\n<p><a href=\"https:\/\/dureriskola.hu\/durer\/beiskolazas_2024\/kreta_tajekoztatas_2024.pdf\"><strong>KR\u00c9TA sz\u00fcl\u0151i t\u00e1j\u00e9koztat\u00f3 seg\u00e9dlet el\u0151zetes jelentkez\u00e9shez<\/strong><\/a><\/p>\n","protected":false},"excerpt":{"rendered":"<p>KR\u00c9TA sz\u00fcl\u0151i t\u00e1j\u00e9koztat\u00f3 seg\u00e9dlet el\u0151zetes jelentkez\u00e9shez<\/p>\n","protected":false},"author":1,"featured_media":0,"parent":4161,"menu_order":0,"comment_status":"closed","ping_status":"closed","template":"","meta":{"footnotes":""},"_links":{"self":[{"href":"https:\/\/dureriskola.hu\/bay\/index.php?rest_route=\/wp\/v2\/pages\/5810"}],"collection":[{"href":"https:\/\/dureriskola.hu\/bay\/index.php?rest_route=\/wp\/v2\/pages"}],"about":[{"href":"https:\/\/dureriskola.hu\/bay\/index.php?rest_route=\/wp\/v2\/types\/page"}],"author":[{"embeddable":true,"href":"https:\/\/dureriskola.hu\/bay\/index.php?rest_route=\/wp\/v2\/users\/1"}],"replies":[{"embeddable":true,"href":"https:\/\/dureriskola.hu\/bay\/index.php?rest_route=%2Fwp%2Fv2%2Fcomments&post=5810"}],"version-history":[{"count":1,"href":"https:\/\/dureriskola.hu\/bay\/index.php?rest_route=\/wp\/v2\/pages\/5810\/revisions"}],"predecessor-version":[{"id":5811,"href":"https:\/\/dureriskola.hu\/bay\/index.php?rest_route=\/wp\/v2\/pages\/5810\/revisions\/5811"}],"up":[{"embeddable":true,"href":"https:\/\/dureriskola.hu\/bay\/index.php?rest_route=\/wp\/v2\/pages\/4161"}],"wp:attachment":[{"href":"https:\/\/dureriskola.hu\/bay\/index.php?rest_route=%2Fwp%2Fv2%2Fmedia&parent=5810"}],"curies":[{"name":"wp","href":"https:\/\/api.w.org\/{rel}","templated":true}]}}