{"id":5657,"date":"2023-03-20T10:45:49","date_gmt":"2023-03-20T10:45:49","guid":{"rendered":"http:\/\/dureriskola.hu\/bay\/?page_id=5657"},"modified":"2024-03-26T12:40:54","modified_gmt":"2024-03-26T12:40:54","slug":"kozlemeny-a-gyulai-tankeruleti-kozpont-fenntartasaban-mukodo-altalanos-iskolak-1-evfolyamara-torteno-beiratkozasrol","status":"publish","type":"page","link":"https:\/\/dureriskola.hu\/bay\/?page_id=5657","title":{"rendered":"K\u00f6zlem\u00e9ny a Gyulai Tanker\u00fcleti K\u00f6zpont fenntart\u00e1s\u00e1ban m\u0171k\u00f6d\u0151 \u00e1ltal\u00e1nos iskol\u00e1k 1. \u00e9vfolyam\u00e1ra t\u00f6rt\u00e9n\u0151 beiratkoz\u00e1sr\u00f3l"},"content":{"rendered":"<div class=\"fcbkbttn_buttons_block\" id=\"fcbkbttn_left\"><div class=\"fcbkbttn_button\">\n                            <a href=\"https:\/\/www.facebook.com\/\" target=\"_blank\">\n                                <img src=\"https:\/\/dureriskola.hu\/bay\/wp-content\/plugins\/facebook-button-plugin\/images\/standard-facebook-ico.png\" alt=\"Fb-Button\" \/>\n                            <\/a>\n                        <\/div><div class=\"fcbkbttn_like \"><fb:like href=\"https:\/\/dureriskola.hu\/bay\/?page_id=5657\" action=\"like\" colorscheme=\"dark\" layout=\"standard\" show-faces='false' width=\"225px\" size=\"small\"><\/fb:like><\/div><\/div>\n<p><a href=\"https:\/\/dureriskola.hu\/durer\/beiskolazas_2024\/kozlemeny_24_03.jpg\">K\u00f6zlem\u00e9ny a Gyulai Tanker\u00fcleti K\u00f6zpont fenntart\u00e1s\u00e1ban m\u0171k\u00f6d\u0151 \u00e1ltal\u00e1nos iskol\u00e1k 1. \u00e9vfolyam\u00e1ra t\u00f6rt\u00e9n\u0151 beiratkoz\u00e1sr\u00f3l<\/a><\/p>\n","protected":false},"excerpt":{"rendered":"<p>K\u00f6zlem\u00e9ny a Gyulai Tanker\u00fcleti K\u00f6zpont fenntart\u00e1s\u00e1ban m\u0171k\u00f6d\u0151 \u00e1ltal\u00e1nos iskol\u00e1k 1. \u00e9vfolyam\u00e1ra t\u00f6rt\u00e9n\u0151 beiratkoz\u00e1sr\u00f3l<\/p>\n","protected":false},"author":1,"featured_media":0,"parent":4161,"menu_order":0,"comment_status":"closed","ping_status":"closed","template":"","meta":{"footnotes":""},"_links":{"self":[{"href":"https:\/\/dureriskola.hu\/bay\/index.php?rest_route=\/wp\/v2\/pages\/5657"}],"collection":[{"href":"https:\/\/dureriskola.hu\/bay\/index.php?rest_route=\/wp\/v2\/pages"}],"about":[{"href":"https:\/\/dureriskola.hu\/bay\/index.php?rest_route=\/wp\/v2\/types\/page"}],"author":[{"embeddable":true,"href":"https:\/\/dureriskola.hu\/bay\/index.php?rest_route=\/wp\/v2\/users\/1"}],"replies":[{"embeddable":true,"href":"https:\/\/dureriskola.hu\/bay\/index.php?rest_route=%2Fwp%2Fv2%2Fcomments&post=5657"}],"version-history":[{"count":2,"href":"https:\/\/dureriskola.hu\/bay\/index.php?rest_route=\/wp\/v2\/pages\/5657\/revisions"}],"predecessor-version":[{"id":5806,"href":"https:\/\/dureriskola.hu\/bay\/index.php?rest_route=\/wp\/v2\/pages\/5657\/revisions\/5806"}],"up":[{"embeddable":true,"href":"https:\/\/dureriskola.hu\/bay\/index.php?rest_route=\/wp\/v2\/pages\/4161"}],"wp:attachment":[{"href":"https:\/\/dureriskola.hu\/bay\/index.php?rest_route=%2Fwp%2Fv2%2Fmedia&parent=5657"}],"curies":[{"name":"wp","href":"https:\/\/api.w.org\/{rel}","templated":true}]}}