{"id":5528,"date":"2022-09-16T07:53:45","date_gmt":"2022-09-16T07:53:45","guid":{"rendered":"http:\/\/dureriskola.hu\/bay\/?page_id=5528"},"modified":"2026-02-02T10:02:50","modified_gmt":"2026-02-02T09:02:50","slug":"intezmenyvezetoi-fogadoorak","status":"publish","type":"page","link":"https:\/\/dureriskola.hu\/bay\/?page_id=5528","title":{"rendered":"* VEZET\u0150I FOGAD\u00d3\u00d3R\u00c1K ID\u0150PONTJAI *"},"content":{"rendered":"<div class=\"fcbkbttn_buttons_block\" id=\"fcbkbttn_left\"><div class=\"fcbkbttn_button\">\n                            <a href=\"https:\/\/www.facebook.com\/\" target=\"_blank\">\n                                <img src=\"https:\/\/dureriskola.hu\/bay\/wp-content\/plugins\/facebook-button-plugin\/images\/standard-facebook-ico.png\" alt=\"Fb-Button\" \/>\n                            <\/a>\n                        <\/div><div class=\"fcbkbttn_like \"><fb:like href=\"https:\/\/dureriskola.hu\/bay\/?page_id=5528\" action=\"like\" colorscheme=\"dark\" layout=\"standard\" show-faces='false' width=\"225px\" size=\"small\"><\/fb:like><\/div><\/div>\n<p class=\"has-text-align-center\"><strong><em>Veresn\u00e9 Petr\u00e1s M\u00e1rta Beatrix<\/em><\/strong><br><strong><em>tagint\u00e9zm\u00e9ny-igazgat\u00f3<\/em><\/strong><br><strong>H\u00e9tf\u0151 11-12 \u00f3ra<br>5711 Gyula, Illy\u00e9s Gyula utca 1-3.<\/strong><\/p>\n\n\n\n<p><\/p>\n\n\n\n<p class=\"has-text-align-center\"><strong>T\u00f6r\u00f6k Bal\u00e1zs<\/strong><br><strong><em>megb\u00edzott i<\/em>gazgat\u00f3<\/strong><br><strong>H\u00e9tf\u0151 11-12 \u00f3ra<\/strong><br><strong>5700 Gyula, Szent Istv\u00e1n utca 29.<\/strong><\/p>\n\n\n\n<p><\/p>\n\n\n\n<p class=\"has-text-align-center\"><strong><strong>M\u00f3ricz &#8211; Orsovszky Ibolya<\/strong><\/strong><br><strong><em>i<\/em>gazgat\u00f3helyettes<\/strong><br><strong>Szerda 9-10 \u00f3ra<\/strong><br><strong>5700 Gyula, Szent Istv\u00e1n utca 29.<\/strong><\/p>\n","protected":false},"excerpt":{"rendered":"<p>Veresn\u00e9 Petr\u00e1s M\u00e1rta Beatrixtagint\u00e9zm\u00e9ny-igazgat\u00f3H\u00e9tf\u0151 11-12 \u00f3ra5711 Gyula, Illy\u00e9s Gyula utca 1-3. T\u00f6r\u00f6k Bal\u00e1zsmegb\u00edzott igazgat\u00f3H\u00e9tf\u0151 11-12 \u00f3ra5700 Gyula, Szent Istv\u00e1n utca 29. M\u00f3ricz &#8211; Orsovszky Ibolyaigazgat\u00f3helyettesSzerda 9-10 \u00f3ra5700 Gyula, Szent Istv\u00e1n utca 29.<\/p>\n","protected":false},"author":1,"featured_media":0,"parent":0,"menu_order":0,"comment_status":"closed","ping_status":"closed","template":"","meta":{"footnotes":""},"_links":{"self":[{"href":"https:\/\/dureriskola.hu\/bay\/index.php?rest_route=\/wp\/v2\/pages\/5528"}],"collection":[{"href":"https:\/\/dureriskola.hu\/bay\/index.php?rest_route=\/wp\/v2\/pages"}],"about":[{"href":"https:\/\/dureriskola.hu\/bay\/index.php?rest_route=\/wp\/v2\/types\/page"}],"author":[{"embeddable":true,"href":"https:\/\/dureriskola.hu\/bay\/index.php?rest_route=\/wp\/v2\/users\/1"}],"replies":[{"embeddable":true,"href":"https:\/\/dureriskola.hu\/bay\/index.php?rest_route=%2Fwp%2Fv2%2Fcomments&post=5528"}],"version-history":[{"count":10,"href":"https:\/\/dureriskola.hu\/bay\/index.php?rest_route=\/wp\/v2\/pages\/5528\/revisions"}],"predecessor-version":[{"id":6288,"href":"https:\/\/dureriskola.hu\/bay\/index.php?rest_route=\/wp\/v2\/pages\/5528\/revisions\/6288"}],"wp:attachment":[{"href":"https:\/\/dureriskola.hu\/bay\/index.php?rest_route=%2Fwp%2Fv2%2Fmedia&parent=5528"}],"curies":[{"name":"wp","href":"https:\/\/api.w.org\/{rel}","templated":true}]}}