{"id":5343,"date":"2022-03-01T12:50:33","date_gmt":"2022-03-01T12:50:33","guid":{"rendered":"http:\/\/dureriskola.hu\/bay\/?page_id=5343"},"modified":"2024-03-26T12:41:51","modified_gmt":"2024-03-26T12:41:51","slug":"hit-es-erkolcstan-oktatas-megszervezese-a-2022-2023-tanev-vonatkozasaban","status":"publish","type":"page","link":"https:\/\/dureriskola.hu\/bay\/?page_id=5343","title":{"rendered":"Hit &#8211; \u00e9s erk\u00f6lcstan oktat\u00e1s megszervez\u00e9se a 2024\/2025. tan\u00e9v vonatkoz\u00e1s\u00e1ban"},"content":{"rendered":"<div class=\"fcbkbttn_buttons_block\" id=\"fcbkbttn_left\"><div class=\"fcbkbttn_button\">\n                            <a href=\"https:\/\/www.facebook.com\/\" target=\"_blank\">\n                                <img src=\"https:\/\/dureriskola.hu\/bay\/wp-content\/plugins\/facebook-button-plugin\/images\/standard-facebook-ico.png\" alt=\"Fb-Button\" \/>\n                            <\/a>\n                        <\/div><div class=\"fcbkbttn_like \"><fb:like href=\"https:\/\/dureriskola.hu\/bay\/?page_id=5343\" action=\"like\" colorscheme=\"dark\" layout=\"standard\" show-faces='false' width=\"225px\" size=\"small\"><\/fb:like><\/div><\/div>\n<p><a href=\"https:\/\/dureriskola.hu\/durer\/beiskolazas_2024\/hiterkolcs_2024.pdf\">Hit &#8211; \u00e9s erk\u00f6lcstan oktat\u00e1s megszervez\u00e9se a 2024\/2025. tan\u00e9vre<\/a><\/p>\n","protected":false},"excerpt":{"rendered":"<p>Hit &#8211; \u00e9s erk\u00f6lcstan oktat\u00e1s megszervez\u00e9se a 2024\/2025. tan\u00e9vre<\/p>\n","protected":false},"author":1,"featured_media":0,"parent":4161,"menu_order":1,"comment_status":"closed","ping_status":"closed","template":"","meta":{"footnotes":""},"_links":{"self":[{"href":"https:\/\/dureriskola.hu\/bay\/index.php?rest_route=\/wp\/v2\/pages\/5343"}],"collection":[{"href":"https:\/\/dureriskola.hu\/bay\/index.php?rest_route=\/wp\/v2\/pages"}],"about":[{"href":"https:\/\/dureriskola.hu\/bay\/index.php?rest_route=\/wp\/v2\/types\/page"}],"author":[{"embeddable":true,"href":"https:\/\/dureriskola.hu\/bay\/index.php?rest_route=\/wp\/v2\/users\/1"}],"replies":[{"embeddable":true,"href":"https:\/\/dureriskola.hu\/bay\/index.php?rest_route=%2Fwp%2Fv2%2Fcomments&post=5343"}],"version-history":[{"count":6,"href":"https:\/\/dureriskola.hu\/bay\/index.php?rest_route=\/wp\/v2\/pages\/5343\/revisions"}],"predecessor-version":[{"id":5808,"href":"https:\/\/dureriskola.hu\/bay\/index.php?rest_route=\/wp\/v2\/pages\/5343\/revisions\/5808"}],"up":[{"embeddable":true,"href":"https:\/\/dureriskola.hu\/bay\/index.php?rest_route=\/wp\/v2\/pages\/4161"}],"wp:attachment":[{"href":"https:\/\/dureriskola.hu\/bay\/index.php?rest_route=%2Fwp%2Fv2%2Fmedia&parent=5343"}],"curies":[{"name":"wp","href":"https:\/\/api.w.org\/{rel}","templated":true}]}}