{"id":5289,"date":"2022-01-05T09:28:32","date_gmt":"2022-01-05T09:28:32","guid":{"rendered":"http:\/\/dureriskola.hu\/bay\/?page_id=5289"},"modified":"2022-01-05T09:28:32","modified_gmt":"2022-01-05T09:28:32","slug":"intezmenyi-etkeztetes-eljarasrend","status":"publish","type":"page","link":"https:\/\/dureriskola.hu\/bay\/?page_id=5289","title":{"rendered":"Int\u00e9zm\u00e9nyi \u00e9tkeztet\u00e9s elj\u00e1r\u00e1srend"},"content":{"rendered":"<div class=\"fcbkbttn_buttons_block\" id=\"fcbkbttn_left\"><div class=\"fcbkbttn_button\">\n                            <a href=\"https:\/\/www.facebook.com\/\" target=\"_blank\">\n                                <img src=\"https:\/\/dureriskola.hu\/bay\/wp-content\/plugins\/facebook-button-plugin\/images\/standard-facebook-ico.png\" alt=\"Fb-Button\" \/>\n                            <\/a>\n                        <\/div><div class=\"fcbkbttn_like \"><fb:like href=\"https:\/\/dureriskola.hu\/bay\/?page_id=5289\" action=\"like\" colorscheme=\"dark\" layout=\"standard\" show-faces='false' width=\"225px\" size=\"small\"><\/fb:like><\/div><\/div>\n<div class=\"wp-block-file aligncenter\"><a href=\"http:\/\/dureriskola.hu\/bay\/wp-content\/uploads\/2022\/01\/Int\u00e9zm\u00e9nyi-\u00e9tkeztet\u00e9s-elj\u00e1r\u00e1srend-V\u00c9GLEGES-1.pdf\">Int\u00e9zm\u00e9nyi-\u00e9tkeztet\u00e9s-elj\u00e1r\u00e1srend<\/a><a href=\"http:\/\/dureriskola.hu\/bay\/wp-content\/uploads\/2022\/01\/Int\u00e9zm\u00e9nyi-\u00e9tkeztet\u00e9s-elj\u00e1r\u00e1srend-V\u00c9GLEGES-1.pdf\" class=\"wp-block-file__button\" download>Let\u00f6lt\u00e9s<\/a><\/div>\n\n\n\n<p><\/p>\n","protected":false},"excerpt":{"rendered":"","protected":false},"author":1,"featured_media":0,"parent":3951,"menu_order":1,"comment_status":"closed","ping_status":"closed","template":"","meta":{"footnotes":""},"_links":{"self":[{"href":"https:\/\/dureriskola.hu\/bay\/index.php?rest_route=\/wp\/v2\/pages\/5289"}],"collection":[{"href":"https:\/\/dureriskola.hu\/bay\/index.php?rest_route=\/wp\/v2\/pages"}],"about":[{"href":"https:\/\/dureriskola.hu\/bay\/index.php?rest_route=\/wp\/v2\/types\/page"}],"author":[{"embeddable":true,"href":"https:\/\/dureriskola.hu\/bay\/index.php?rest_route=\/wp\/v2\/users\/1"}],"replies":[{"embeddable":true,"href":"https:\/\/dureriskola.hu\/bay\/index.php?rest_route=%2Fwp%2Fv2%2Fcomments&post=5289"}],"version-history":[{"count":1,"href":"https:\/\/dureriskola.hu\/bay\/index.php?rest_route=\/wp\/v2\/pages\/5289\/revisions"}],"predecessor-version":[{"id":5291,"href":"https:\/\/dureriskola.hu\/bay\/index.php?rest_route=\/wp\/v2\/pages\/5289\/revisions\/5291"}],"up":[{"embeddable":true,"href":"https:\/\/dureriskola.hu\/bay\/index.php?rest_route=\/wp\/v2\/pages\/3951"}],"wp:attachment":[{"href":"https:\/\/dureriskola.hu\/bay\/index.php?rest_route=%2Fwp%2Fv2%2Fmedia&parent=5289"}],"curies":[{"name":"wp","href":"https:\/\/api.w.org\/{rel}","templated":true}]}}