{"id":5269,"date":"2021-12-20T12:05:30","date_gmt":"2021-12-20T12:05:30","guid":{"rendered":"http:\/\/dureriskola.hu\/bay\/?page_id=5269"},"modified":"2022-09-15T12:15:10","modified_gmt":"2022-09-15T12:15:10","slug":"baynokok-iskolaujsag","status":"publish","type":"page","link":"https:\/\/dureriskola.hu\/bay\/?page_id=5269","title":{"rendered":"BAYNOKOK &#8211; ISKOLA\u00daJS\u00c1G"},"content":{"rendered":"<div class=\"fcbkbttn_buttons_block\" id=\"fcbkbttn_left\"><div class=\"fcbkbttn_button\">\n                            <a href=\"https:\/\/www.facebook.com\/\" target=\"_blank\">\n                                <img src=\"https:\/\/dureriskola.hu\/bay\/wp-content\/plugins\/facebook-button-plugin\/images\/standard-facebook-ico.png\" alt=\"Fb-Button\" \/>\n                            <\/a>\n                        <\/div><div class=\"fcbkbttn_like \"><fb:like href=\"https:\/\/dureriskola.hu\/bay\/?page_id=5269\" action=\"like\" colorscheme=\"dark\" layout=\"standard\" show-faces='false' width=\"225px\" size=\"small\"><\/fb:like><\/div><\/div>\n<div class=\"wp-block-file aligncenter\"><a href=\"http:\/\/dureriskola.hu\/bay\/wp-content\/uploads\/2022\/09\/Baynokok-2022-04.pdf\">Baynokok-2022-04<\/a><a href=\"http:\/\/dureriskola.hu\/bay\/wp-content\/uploads\/2022\/09\/Baynokok-2022-04.pdf\" class=\"wp-block-file__button\" download>Let\u00f6lt\u00e9s<\/a><\/div>\n\n\n\n<div class=\"wp-block-file aligncenter\"><a href=\"http:\/\/dureriskola.hu\/bay\/wp-content\/uploads\/2022\/09\/Baynokok-2022-05-K\u00fcl\u00f6nsz\u00e1m.pdf\">Baynokok-2022-05-K\u00fcl\u00f6nsz\u00e1m<\/a><a href=\"http:\/\/dureriskola.hu\/bay\/wp-content\/uploads\/2022\/09\/Baynokok-2022-05-K\u00fcl\u00f6nsz\u00e1m.pdf\" class=\"wp-block-file__button\" download>Let\u00f6lt\u00e9s<\/a><\/div>\n\n\n\n<p><\/p>\n","protected":false},"excerpt":{"rendered":"","protected":false},"author":1,"featured_media":0,"parent":0,"menu_order":0,"comment_status":"closed","ping_status":"closed","template":"","meta":{"footnotes":""},"_links":{"self":[{"href":"https:\/\/dureriskola.hu\/bay\/index.php?rest_route=\/wp\/v2\/pages\/5269"}],"collection":[{"href":"https:\/\/dureriskola.hu\/bay\/index.php?rest_route=\/wp\/v2\/pages"}],"about":[{"href":"https:\/\/dureriskola.hu\/bay\/index.php?rest_route=\/wp\/v2\/types\/page"}],"author":[{"embeddable":true,"href":"https:\/\/dureriskola.hu\/bay\/index.php?rest_route=\/wp\/v2\/users\/1"}],"replies":[{"embeddable":true,"href":"https:\/\/dureriskola.hu\/bay\/index.php?rest_route=%2Fwp%2Fv2%2Fcomments&post=5269"}],"version-history":[{"count":3,"href":"https:\/\/dureriskola.hu\/bay\/index.php?rest_route=\/wp\/v2\/pages\/5269\/revisions"}],"predecessor-version":[{"id":5507,"href":"https:\/\/dureriskola.hu\/bay\/index.php?rest_route=\/wp\/v2\/pages\/5269\/revisions\/5507"}],"wp:attachment":[{"href":"https:\/\/dureriskola.hu\/bay\/index.php?rest_route=%2Fwp%2Fv2%2Fmedia&parent=5269"}],"curies":[{"name":"wp","href":"https:\/\/api.w.org\/{rel}","templated":true}]}}