{"id":4821,"date":"2020-10-05T09:03:39","date_gmt":"2020-10-05T09:03:39","guid":{"rendered":"http:\/\/dureriskola.hu\/bay\/?page_id=4821"},"modified":"2026-03-25T00:15:24","modified_gmt":"2026-03-24T23:15:24","slug":"__trashed","status":"publish","type":"page","link":"https:\/\/dureriskola.hu\/bay\/?page_id=4821","title":{"rendered":"Iskolai szoci\u00e1lis seg\u00edt\u00e9s"},"content":{"rendered":"<div class=\"fcbkbttn_buttons_block\" id=\"fcbkbttn_left\"><div class=\"fcbkbttn_button\">\n                            <a href=\"https:\/\/www.facebook.com\/\" target=\"_blank\">\n                                <img src=\"https:\/\/dureriskola.hu\/bay\/wp-content\/plugins\/facebook-button-plugin\/images\/standard-facebook-ico.png\" alt=\"Fb-Button\" \/>\n                            <\/a>\n                        <\/div><div class=\"fcbkbttn_like \"><fb:like href=\"https:\/\/dureriskola.hu\/bay\/?page_id=4821\" action=\"like\" colorscheme=\"dark\" layout=\"standard\" show-faces='false' width=\"225px\" size=\"small\"><\/fb:like><\/div><\/div>\n<div class=\"wp-block-file aligncenter\"><a id=\"wp-block-file--media-78261edf-0771-4197-9d99-990ae7c07257\" href=\"http:\/\/dureriskola.hu\/bay\/wp-content\/uploads\/2020\/10\/T\u00e1j\u00e9koztat\u00e1s-iskolai-szoci\u00e1lis-seg\u00edt\u00e9sr\u0151l.doc\">T\u00e1j\u00e9koztat\u00e1s-iskolai-szoci\u00e1lis-seg\u00edt\u00e9sr\u0151l<\/a><a href=\"http:\/\/dureriskola.hu\/bay\/wp-content\/uploads\/2020\/10\/T\u00e1j\u00e9koztat\u00e1s-iskolai-szoci\u00e1lis-seg\u00edt\u00e9sr\u0151l.doc\" class=\"wp-block-file__button wp-element-button\" download aria-describedby=\"wp-block-file--media-78261edf-0771-4197-9d99-990ae7c07257\">Download<\/a><\/div>\n\n\n<div class=\"wp-block-image\">\n<figure class=\"aligncenter size-large is-resized\"><a href=\"https:\/\/dureriskola.hu\/bay\/wp-content\/uploads\/2026\/03\/e5d084c8-14cd-4fc1-ba41-c7c4f484212c.jpg\"><img decoding=\"async\" loading=\"lazy\" width=\"1024\" height=\"1024\" src=\"https:\/\/dureriskola.hu\/bay\/wp-content\/uploads\/2026\/03\/e5d084c8-14cd-4fc1-ba41-c7c4f484212c-1024x1024.jpg\" alt=\"\" class=\"wp-image-6304\" style=\"aspect-ratio:1;width:740px;height:auto\" srcset=\"https:\/\/dureriskola.hu\/bay\/wp-content\/uploads\/2026\/03\/e5d084c8-14cd-4fc1-ba41-c7c4f484212c-1024x1024.jpg 1024w, https:\/\/dureriskola.hu\/bay\/wp-content\/uploads\/2026\/03\/e5d084c8-14cd-4fc1-ba41-c7c4f484212c-300x300.jpg 300w, https:\/\/dureriskola.hu\/bay\/wp-content\/uploads\/2026\/03\/e5d084c8-14cd-4fc1-ba41-c7c4f484212c-150x150.jpg 150w, https:\/\/dureriskola.hu\/bay\/wp-content\/uploads\/2026\/03\/e5d084c8-14cd-4fc1-ba41-c7c4f484212c-1536x1536.jpg 1536w, https:\/\/dureriskola.hu\/bay\/wp-content\/uploads\/2026\/03\/e5d084c8-14cd-4fc1-ba41-c7c4f484212c-2048x2048.jpg 2048w\" sizes=\"(max-width: 1024px) 100vw, 1024px\" \/><\/a><\/figure><\/div>","protected":false},"excerpt":{"rendered":"","protected":false},"author":1,"featured_media":0,"parent":0,"menu_order":0,"comment_status":"closed","ping_status":"closed","template":"","meta":{"footnotes":""},"_links":{"self":[{"href":"https:\/\/dureriskola.hu\/bay\/index.php?rest_route=\/wp\/v2\/pages\/4821"}],"collection":[{"href":"https:\/\/dureriskola.hu\/bay\/index.php?rest_route=\/wp\/v2\/pages"}],"about":[{"href":"https:\/\/dureriskola.hu\/bay\/index.php?rest_route=\/wp\/v2\/types\/page"}],"author":[{"embeddable":true,"href":"https:\/\/dureriskola.hu\/bay\/index.php?rest_route=\/wp\/v2\/users\/1"}],"replies":[{"embeddable":true,"href":"https:\/\/dureriskola.hu\/bay\/index.php?rest_route=%2Fwp%2Fv2%2Fcomments&post=4821"}],"version-history":[{"count":4,"href":"https:\/\/dureriskola.hu\/bay\/index.php?rest_route=\/wp\/v2\/pages\/4821\/revisions"}],"predecessor-version":[{"id":6306,"href":"https:\/\/dureriskola.hu\/bay\/index.php?rest_route=\/wp\/v2\/pages\/4821\/revisions\/6306"}],"wp:attachment":[{"href":"https:\/\/dureriskola.hu\/bay\/index.php?rest_route=%2Fwp%2Fv2%2Fmedia&parent=4821"}],"curies":[{"name":"wp","href":"https:\/\/api.w.org\/{rel}","templated":true}]}}