{"id":4792,"date":"2020-09-14T12:46:10","date_gmt":"2020-09-14T12:46:10","guid":{"rendered":"http:\/\/dureriskola.hu\/bay\/?page_id=4792"},"modified":"2020-09-14T12:48:45","modified_gmt":"2020-09-14T12:48:45","slug":"atutalasi-nyilatkozat","status":"publish","type":"page","link":"https:\/\/dureriskola.hu\/bay\/?page_id=4792","title":{"rendered":"\u00c1tutal\u00e1si nyilatkozat"},"content":{"rendered":"<div class=\"fcbkbttn_buttons_block\" id=\"fcbkbttn_left\"><div class=\"fcbkbttn_button\">\n                            <a href=\"https:\/\/www.facebook.com\/\" target=\"_blank\">\n                                <img src=\"https:\/\/dureriskola.hu\/bay\/wp-content\/plugins\/facebook-button-plugin\/images\/standard-facebook-ico.png\" alt=\"Fb-Button\" \/>\n                            <\/a>\n                        <\/div><div class=\"fcbkbttn_like \"><fb:like href=\"https:\/\/dureriskola.hu\/bay\/?page_id=4792\" action=\"like\" colorscheme=\"dark\" layout=\"standard\" show-faces='false' width=\"225px\" size=\"small\"><\/fb:like><\/div><\/div>\n<div class=\"wp-block-file aligncenter\"><a href=\"http:\/\/dureriskola.hu\/bay\/wp-content\/uploads\/2020\/09\/\u00c9tkez\u00e9shez-\u00e1tutal\u00e1si-nyilatkozat.pdf\">\u00c9tkez\u00e9shez-\u00e1tutal\u00e1si-nyilatkozat<\/a><a href=\"http:\/\/dureriskola.hu\/bay\/wp-content\/uploads\/2020\/09\/\u00c9tkez\u00e9shez-\u00e1tutal\u00e1si-nyilatkozat.pdf\" class=\"wp-block-file__button\" download>Download<\/a><\/div>\n","protected":false},"excerpt":{"rendered":"","protected":false},"author":1,"featured_media":0,"parent":3951,"menu_order":0,"comment_status":"closed","ping_status":"closed","template":"","meta":{"footnotes":""},"_links":{"self":[{"href":"https:\/\/dureriskola.hu\/bay\/index.php?rest_route=\/wp\/v2\/pages\/4792"}],"collection":[{"href":"https:\/\/dureriskola.hu\/bay\/index.php?rest_route=\/wp\/v2\/pages"}],"about":[{"href":"https:\/\/dureriskola.hu\/bay\/index.php?rest_route=\/wp\/v2\/types\/page"}],"author":[{"embeddable":true,"href":"https:\/\/dureriskola.hu\/bay\/index.php?rest_route=\/wp\/v2\/users\/1"}],"replies":[{"embeddable":true,"href":"https:\/\/dureriskola.hu\/bay\/index.php?rest_route=%2Fwp%2Fv2%2Fcomments&post=4792"}],"version-history":[{"count":1,"href":"https:\/\/dureriskola.hu\/bay\/index.php?rest_route=\/wp\/v2\/pages\/4792\/revisions"}],"predecessor-version":[{"id":4794,"href":"https:\/\/dureriskola.hu\/bay\/index.php?rest_route=\/wp\/v2\/pages\/4792\/revisions\/4794"}],"up":[{"embeddable":true,"href":"https:\/\/dureriskola.hu\/bay\/index.php?rest_route=\/wp\/v2\/pages\/3951"}],"wp:attachment":[{"href":"https:\/\/dureriskola.hu\/bay\/index.php?rest_route=%2Fwp%2Fv2%2Fmedia&parent=4792"}],"curies":[{"name":"wp","href":"https:\/\/api.w.org\/{rel}","templated":true}]}}