{"id":4646,"date":"2020-03-19T09:22:43","date_gmt":"2020-03-19T09:22:43","guid":{"rendered":"http:\/\/dureriskola.hu\/bay\/?page_id=4646"},"modified":"2020-03-19T09:23:12","modified_gmt":"2020-03-19T09:23:12","slug":"fontos-tudnivalok","status":"publish","type":"page","link":"https:\/\/dureriskola.hu\/bay\/?page_id=4646","title":{"rendered":"Fontos tudnival\u00f3k"},"content":{"rendered":"<div class=\"fcbkbttn_buttons_block\" id=\"fcbkbttn_left\"><div class=\"fcbkbttn_button\">\n                            <a href=\"https:\/\/www.facebook.com\/\" target=\"_blank\">\n                                <img src=\"https:\/\/dureriskola.hu\/bay\/wp-content\/plugins\/facebook-button-plugin\/images\/standard-facebook-ico.png\" alt=\"Fb-Button\" \/>\n                            <\/a>\n                        <\/div><div class=\"fcbkbttn_like \"><fb:like href=\"https:\/\/dureriskola.hu\/bay\/?page_id=4646\" action=\"like\" colorscheme=\"dark\" layout=\"standard\" show-faces='false' width=\"225px\" size=\"small\"><\/fb:like><\/div><\/div>\n<div class=\"wp-block-file aligncenter\"><a href=\"http:\/\/dureriskola.hu\/bay\/wp-content\/uploads\/2020\/03\/Oktat\u00e1s-megval\u00f3s\u00edt\u00e1sa.pdf\">Oktat\u00e1s megval\u00f3s\u00edt\u00e1sa<\/a><a href=\"http:\/\/dureriskola.hu\/bay\/wp-content\/uploads\/2020\/03\/Oktat\u00e1s-megval\u00f3s\u00edt\u00e1sa.pdf\" class=\"wp-block-file__button\" download>Download<\/a><\/div>\n\n\n\n<div class=\"wp-block-file aligncenter\"><a href=\"http:\/\/dureriskola.hu\/bay\/wp-content\/uploads\/2020\/03\/\u00c9tkez\u00e9s.pdf\">\u00c9tkez\u00e9s<\/a><a href=\"http:\/\/dureriskola.hu\/bay\/wp-content\/uploads\/2020\/03\/\u00c9tkez\u00e9s.pdf\" class=\"wp-block-file__button\" download>Download<\/a><\/div>\n\n\n\n<div class=\"wp-block-file aligncenter\"><a href=\"http:\/\/dureriskola.hu\/bay\/wp-content\/uploads\/2020\/03\/Felszerel\u00e9s-elvitele.pdf\">Felszerel\u00e9s-elvitele<\/a><a href=\"http:\/\/dureriskola.hu\/bay\/wp-content\/uploads\/2020\/03\/Felszerel\u00e9s-elvitele.pdf\" class=\"wp-block-file__button\" download>Download<\/a><\/div>\n","protected":false},"excerpt":{"rendered":"","protected":false},"author":1,"featured_media":0,"parent":4638,"menu_order":0,"comment_status":"closed","ping_status":"closed","template":"","meta":{"footnotes":""},"_links":{"self":[{"href":"https:\/\/dureriskola.hu\/bay\/index.php?rest_route=\/wp\/v2\/pages\/4646"}],"collection":[{"href":"https:\/\/dureriskola.hu\/bay\/index.php?rest_route=\/wp\/v2\/pages"}],"about":[{"href":"https:\/\/dureriskola.hu\/bay\/index.php?rest_route=\/wp\/v2\/types\/page"}],"author":[{"embeddable":true,"href":"https:\/\/dureriskola.hu\/bay\/index.php?rest_route=\/wp\/v2\/users\/1"}],"replies":[{"embeddable":true,"href":"https:\/\/dureriskola.hu\/bay\/index.php?rest_route=%2Fwp%2Fv2%2Fcomments&post=4646"}],"version-history":[{"count":2,"href":"https:\/\/dureriskola.hu\/bay\/index.php?rest_route=\/wp\/v2\/pages\/4646\/revisions"}],"predecessor-version":[{"id":4651,"href":"https:\/\/dureriskola.hu\/bay\/index.php?rest_route=\/wp\/v2\/pages\/4646\/revisions\/4651"}],"up":[{"embeddable":true,"href":"https:\/\/dureriskola.hu\/bay\/index.php?rest_route=\/wp\/v2\/pages\/4638"}],"wp:attachment":[{"href":"https:\/\/dureriskola.hu\/bay\/index.php?rest_route=%2Fwp%2Fv2%2Fmedia&parent=4646"}],"curies":[{"name":"wp","href":"https:\/\/api.w.org\/{rel}","templated":true}]}}