{"id":4243,"date":"2019-04-02T07:21:41","date_gmt":"2019-04-02T07:21:41","guid":{"rendered":"http:\/\/dureriskola.hu\/bay\/?page_id=4243"},"modified":"2019-04-02T07:21:41","modified_gmt":"2019-04-02T07:21:41","slug":"iskolai-eletunk","status":"publish","type":"page","link":"https:\/\/dureriskola.hu\/bay\/?page_id=4243","title":{"rendered":"Iskolai \u00e9let\u00fcnk"},"content":{"rendered":"<div class=\"fcbkbttn_buttons_block\" id=\"fcbkbttn_left\"><div class=\"fcbkbttn_button\">\n                            <a href=\"https:\/\/www.facebook.com\/\" target=\"_blank\">\n                                <img src=\"https:\/\/dureriskola.hu\/bay\/wp-content\/plugins\/facebook-button-plugin\/images\/standard-facebook-ico.png\" alt=\"Fb-Button\" \/>\n                            <\/a>\n                        <\/div><div class=\"fcbkbttn_like \"><fb:like href=\"https:\/\/dureriskola.hu\/bay\/?page_id=4243\" action=\"like\" colorscheme=\"dark\" layout=\"standard\" show-faces='false' width=\"225px\" size=\"small\"><\/fb:like><\/div><\/div><table style=\"height: 5px;\" width=\"399\">\n<tbody>\n<tr>\n<td><\/td>\n<\/tr>\n<\/tbody>\n<\/table>\n<table width=\"100%\">\n<tbody>\n<tr>\n<td><\/td>\n<\/tr>\n<\/tbody>\n<\/table>\n<h5 style=\"text-align: center;\"><span style=\"color: #000000;\"><strong><a href=\"http:\/\/dureriskola.hu\/bay\/wp-content\/uploads\/2019\/04\/2.jpg\"><img decoding=\"async\" loading=\"lazy\" class=\"  wp-image-4247 alignleft\" src=\"http:\/\/dureriskola.hu\/bay\/wp-content\/uploads\/2019\/04\/2.jpg\" alt=\"2\" width=\"109\" height=\"151\" srcset=\"https:\/\/dureriskola.hu\/bay\/wp-content\/uploads\/2019\/04\/2.jpg 290w, https:\/\/dureriskola.hu\/bay\/wp-content\/uploads\/2019\/04\/2-216x300.jpg 216w\" sizes=\"(max-width: 109px) 100vw, 109px\" \/><\/a>Cseresznyevir\u00e1gz\u00e1s<a href=\"http:\/\/dureriskola.hu\/bay\/wp-content\/uploads\/2019\/04\/6.png\"><img decoding=\"async\" loading=\"lazy\" class=\"  wp-image-4251 alignright\" src=\"http:\/\/dureriskola.hu\/bay\/wp-content\/uploads\/2019\/04\/6.png\" alt=\"6\" width=\"67\" height=\"156\" srcset=\"https:\/\/dureriskola.hu\/bay\/wp-content\/uploads\/2019\/04\/6.png 131w, https:\/\/dureriskola.hu\/bay\/wp-content\/uploads\/2019\/04\/6-129x300.png 129w\" sizes=\"(max-width: 67px) 100vw, 67px\" \/><\/a><br \/>\nA jap\u00e1n kult\u00fara hete<\/strong><\/span><\/h5>\n<p style=\"text-align: center;\"><em>(Multikultur\u00e1lis ismeretb\u0151v\u00edt\u0151 t\u00e9mah\u00e9t a Bay Zolt\u00e1n \u00c1ltal\u00e1nos Iskol\u00e1ban)<\/em><\/p>\n<table>\n<tbody>\n<tr>\n<td colspan=\"3\" width=\"614\"><span style=\"text-decoration: underline;\"><strong>2019. \u00e1prilis 8. H\u00e9tf\u0151<\/strong><\/span><\/td>\n<\/tr>\n<tr>\n<td width=\"262\">\n<p style=\"text-align: center;\"><strong>Program<\/strong><\/p>\n<\/td>\n<td width=\"147\">\n<p style=\"text-align: center;\"><strong>Helysz\u00edn<\/strong><\/p>\n<\/td>\n<td width=\"205\">\n<p style=\"text-align: center;\"><strong>Id\u0151<\/strong><\/p>\n<\/td>\n<\/tr>\n<tr>\n<td width=\"262\">Ki\u00e1ll\u00edt\u00e1s \u00e9s t\u00e9mah\u00e9t megnyit\u00f3 \u2013 A t\u00e9mah\u00e9t eg\u00e9sze alatt megtekinthet\u0151 ki\u00e1ll\u00edt\u00e1s<\/td>\n<td width=\"147\">\n<p style=\"text-align: center;\">A Bay Zolt\u00e1n \u00c1ltal\u00e1nos Iskola k\u00f6nyvt\u00e1ra<\/p>\n<\/td>\n<td width=\"205\">\n<p style=\"text-align: center;\">7:30 \u2013 8:00<\/p>\n<\/td>\n<\/tr>\n<tr>\n<td width=\"262\">Japp\u00e1n \u2013 egy hazai humorista kalandjai Jap\u00e1nban<\/td>\n<td width=\"147\">\n<p style=\"text-align: center;\">Bay Zolt\u00e1n \u00c1ltal\u00e1nos Iskola k\u00f6nyvt\u00e1ra<\/p>\n<\/td>\n<td width=\"205\">\n<p style=\"text-align: center;\">13:00 \u2013 14:00<\/p>\n<\/td>\n<\/tr>\n<tr>\n<td width=\"262\">A jap\u00e1n irodalom \u00e9s filmm\u0171v\u00e9szet<\/td>\n<td width=\"147\">\n<p style=\"text-align: center;\">Bay Zolt\u00e1n \u00c1ltal\u00e1nos Iskola k\u00f6nyvt\u00e1ra<\/p>\n<\/td>\n<td width=\"205\">\n<p style=\"text-align: center;\">14:00 \u2013 15:30<\/p>\n<\/td>\n<\/tr>\n<tr>\n<td colspan=\"3\" width=\"614\">&nbsp;<\/p>\n<p><span style=\"text-decoration: underline;\"><strong>2019. \u00e1prilis 9. Kedd<\/strong><\/span><\/td>\n<\/tr>\n<tr>\n<td width=\"262\">\n<p style=\"text-align: center;\"><strong>Program<\/strong><\/p>\n<\/td>\n<td width=\"147\">\n<p style=\"text-align: center;\"><strong>Helysz\u00edn<\/strong><\/p>\n<\/td>\n<td width=\"205\">\n<p style=\"text-align: center;\"><strong>Id\u0151<\/strong><\/p>\n<\/td>\n<\/tr>\n<tr>\n<td width=\"262\">\u00c9let a szamur\u00e1jok haz\u00e1j\u00e1ban \u2013 El\u0151ad\u00e1s a jap\u00e1n \u00e9letm\u00f3dr\u00f3l<\/td>\n<td width=\"147\">\n<p style=\"text-align: center;\">Bay Zolt\u00e1n \u00c1ltal\u00e1nos Iskola fels\u0151s \u00e9p\u00fclet 5-\u00f6s terem<\/p>\n<\/td>\n<td width=\"205\">\n<p style=\"text-align: center;\">13:30 \u2013 14:15<\/p>\n<\/td>\n<\/tr>\n<tr>\n<td width=\"262\">A becs\u00fclet lovagjai \u2013 R\u00f6vid ismertet\u0151 a szamur\u00e1jok \u00e9let\u00e9r\u0151l, fegyvereir\u0151l<\/td>\n<td width=\"147\">\n<p style=\"text-align: center;\">Bay Zolt\u00e1n \u00c1ltal\u00e1nos Iskola fels\u0151s \u00e9p\u00fclet 5-\u00f6s terem<\/p>\n<\/td>\n<td width=\"205\">\n<p style=\"text-align: center;\">14:15 \u2013 14:55<\/p>\n<\/td>\n<\/tr>\n<tr>\n<td width=\"262\">J\u00e1tsz\u00f3h\u00e1z \u2013 A jap\u00e1n j\u00e1t\u00e9kok megismer\u00e9se<\/td>\n<td width=\"147\">\n<p style=\"text-align: center;\">Bay Zolt\u00e1n \u00c1ltal\u00e1nos Iskola fels\u0151s \u00e9p\u00fclet 7-es terem<\/p>\n<\/td>\n<td width=\"205\">\n<p style=\"text-align: center;\">15:00 \u2013 17:00<\/p>\n<p>&nbsp;<\/td>\n<\/tr>\n<\/tbody>\n<\/table>\n<p>&nbsp;<\/p>\n<table style=\"height: 799px;\" width=\"619\">\n<tbody>\n<tr>\n<td colspan=\"3\" width=\"614\"><span style=\"text-decoration: underline;\"><strong>2019. \u00e1prilis 10. Szerda<\/strong><\/span><\/td>\n<\/tr>\n<tr>\n<td width=\"205\">\n<p style=\"text-align: center;\"><strong>Program<\/strong><\/p>\n<\/td>\n<td width=\"205\">\n<p style=\"text-align: center;\"><strong>Helysz\u00edn<\/strong><\/p>\n<\/td>\n<td width=\"205\">\n<p style=\"text-align: center;\"><strong>Id\u0151<\/strong><\/p>\n<\/td>\n<\/tr>\n<tr>\n<td width=\"205\">Utaz\u00e1s Jap\u00e1nba &#8211; dokumentumfilm<\/td>\n<td width=\"205\">\n<p style=\"text-align: center;\">Bay Zolt\u00e1n \u00c1ltal\u00e1nos Iskola fels\u0151s \u00e9p\u00fclet 8-as terem<\/p>\n<\/td>\n<td width=\"205\">\n<p style=\"text-align: center;\">13:00 \u2013 14:00<\/p>\n<\/td>\n<\/tr>\n<tr>\n<td width=\"205\">\u00c9tkez\u00e9s Jap\u00e1nban \u2013 kisfilm<\/td>\n<td width=\"205\">\n<p style=\"text-align: center;\">Bay Zolt\u00e1n \u00c1ltal\u00e1nos Iskola fels\u0151s \u00e9p\u00fclet 8-as terem<\/p>\n<\/td>\n<td width=\"205\">\n<p style=\"text-align: center;\">14:00 \u2013 14:45<\/p>\n<\/td>\n<\/tr>\n<tr>\n<td width=\"205\">Az ev\u0151p\u00e1lcika haszn\u00e1lata<\/td>\n<td width=\"205\">\n<p style=\"text-align: center;\">Bay Zolt\u00e1n \u00c1ltal\u00e1nos Iskola fels\u0151s \u00e9p\u00fclet 8-as terem<\/p>\n<\/td>\n<td width=\"205\">\n<p style=\"text-align: center;\">14:45 \u2013 15:00<\/p>\n<\/td>\n<\/tr>\n<tr>\n<td width=\"205\">Ki mit tud Jap\u00e1nr\u00f3l? &#8211; Tot\u00f3<\/td>\n<td width=\"205\">\n<p style=\"text-align: center;\">Bay Zolt\u00e1n \u00c1ltal\u00e1nos Iskola fels\u0151s \u00e9p\u00fclet 7-es terem<\/p>\n<\/td>\n<td width=\"205\">\n<p style=\"text-align: center;\">15:00 \u2013 15:30<\/p>\n<\/td>\n<\/tr>\n<tr>\n<td width=\"205\">Tot\u00f3 eredm\u00e9nyhirdet\u00e9s<\/td>\n<td width=\"205\">\n<p style=\"text-align: center;\">Bay Zolt\u00e1n \u00c1ltal\u00e1nos Iskola fels\u0151s \u00e9p\u00fclet 7-es terem<\/p>\n<\/td>\n<td width=\"205\">\n<p style=\"text-align: center;\">15:30 \u2013 16:00<\/p>\n<\/td>\n<\/tr>\n<tr>\n<td colspan=\"3\" width=\"614\">&nbsp;<\/p>\n<p><span style=\"text-decoration: underline;\"><strong>2019. \u00e1prilis 11. Cs\u00fct\u00f6rt\u00f6k<\/strong><\/span><\/td>\n<\/tr>\n<tr>\n<td width=\"205\">\n<p style=\"text-align: center;\"><strong>Program<\/strong><\/p>\n<\/td>\n<td width=\"205\">\n<p style=\"text-align: center;\"><strong>Helysz\u00edn<\/strong><\/p>\n<\/td>\n<td width=\"205\">\n<p style=\"text-align: center;\"><strong>Id\u0151<\/strong><\/p>\n<\/td>\n<\/tr>\n<tr>\n<td width=\"205\">A jap\u00e1n eredet\u0171 harcm\u0171v\u00e9szetek<\/td>\n<td width=\"205\">\n<p style=\"text-align: center;\">Bay Zolt\u00e1n \u00c1ltal\u00e1nos Iskola k\u00f6nyvt\u00e1ra<\/p>\n<\/td>\n<td width=\"205\">\n<p style=\"text-align: center;\">15:00 \u2013 16:00<\/p>\n<\/td>\n<\/tr>\n<tr>\n<td width=\"205\">A t\u00e9mah\u00e9t z\u00e1r\u00e1sa, a z\u00e1r\u00f3 program ismertet\u00e9se<\/td>\n<td width=\"205\">\n<p style=\"text-align: center;\">Bay Zolt\u00e1n \u00c1ltal\u00e1nos Iskola k\u00f6nyvt\u00e1ra<\/p>\n<\/td>\n<td width=\"205\">\n<p style=\"text-align: center;\">16:00 \u2013 16:20<\/p>\n<\/td>\n<\/tr>\n<tr>\n<td colspan=\"2\" width=\"409\">\u00c1tvonul\u00e1s a tornacsarnokba, a ny\u00edlt edz\u00e9s el\u0151k\u00e9sz\u00fclete<\/td>\n<td width=\"205\">\n<p style=\"text-align: center;\">16:20 \u2013 16:30<\/p>\n<\/td>\n<\/tr>\n<tr>\n<td width=\"205\">Ny\u00edlt edz\u00e9s a Samuray Kyokushin Karate Sport Egyes\u00fclet szervez\u00e9s\u00e9ben<\/p>\n<p>&nbsp;<\/p>\n<p>&nbsp;<\/td>\n<td width=\"205\">\n<p style=\"text-align: center;\">Bay Zolt\u00e1n \u00c1ltal\u00e1nos Iskola tornacsarnoka<\/p>\n<\/td>\n<td width=\"205\">\n<p style=\"text-align: center;\">16:30 \u2013 18:00<\/p>\n<p style=\"text-align: center;\">\n<p style=\"text-align: center;\">\n<\/td>\n<\/tr>\n<\/tbody>\n<\/table>\n","protected":false},"excerpt":{"rendered":"<p>Cseresznyevir\u00e1gz\u00e1s A jap\u00e1n kult\u00fara hete (Multikultur\u00e1lis ismeretb\u0151v\u00edt\u0151 t\u00e9mah\u00e9t a Bay Zolt\u00e1n \u00c1ltal\u00e1nos Iskol\u00e1ban) 2019. \u00e1prilis 8. H\u00e9tf\u0151 Program Helysz\u00edn Id\u0151 Ki\u00e1ll\u00edt\u00e1s \u00e9s t\u00e9mah\u00e9t megnyit\u00f3 \u2013 A t\u00e9mah\u00e9t eg\u00e9sze alatt megtekinthet\u0151 ki\u00e1ll\u00edt\u00e1s A Bay Zolt\u00e1n \u00c1ltal\u00e1nos Iskola k\u00f6nyvt\u00e1ra 7:30 \u2013 8:00 Japp\u00e1n \u2013 egy hazai humorista kalandjai Jap\u00e1nban Bay Zolt\u00e1n \u00c1ltal\u00e1nos Iskola k\u00f6nyvt\u00e1ra 13:00 \u2013 14:00 [&hellip;]<\/p>\n","protected":false},"author":1,"featured_media":0,"parent":0,"menu_order":0,"comment_status":"closed","ping_status":"closed","template":"","meta":{"footnotes":""},"_links":{"self":[{"href":"https:\/\/dureriskola.hu\/bay\/index.php?rest_route=\/wp\/v2\/pages\/4243"}],"collection":[{"href":"https:\/\/dureriskola.hu\/bay\/index.php?rest_route=\/wp\/v2\/pages"}],"about":[{"href":"https:\/\/dureriskola.hu\/bay\/index.php?rest_route=\/wp\/v2\/types\/page"}],"author":[{"embeddable":true,"href":"https:\/\/dureriskola.hu\/bay\/index.php?rest_route=\/wp\/v2\/users\/1"}],"replies":[{"embeddable":true,"href":"https:\/\/dureriskola.hu\/bay\/index.php?rest_route=%2Fwp%2Fv2%2Fcomments&post=4243"}],"version-history":[{"count":9,"href":"https:\/\/dureriskola.hu\/bay\/index.php?rest_route=\/wp\/v2\/pages\/4243\/revisions"}],"predecessor-version":[{"id":4260,"href":"https:\/\/dureriskola.hu\/bay\/index.php?rest_route=\/wp\/v2\/pages\/4243\/revisions\/4260"}],"wp:attachment":[{"href":"https:\/\/dureriskola.hu\/bay\/index.php?rest_route=%2Fwp%2Fv2%2Fmedia&parent=4243"}],"curies":[{"name":"wp","href":"https:\/\/api.w.org\/{rel}","templated":true}]}}