{"id":4161,"date":"2019-03-07T14:38:05","date_gmt":"2019-03-07T14:38:05","guid":{"rendered":"http:\/\/dureriskola.hu\/bay\/?page_id=4161"},"modified":"2024-03-26T12:38:25","modified_gmt":"2024-03-26T12:38:25","slug":"beiskolazas-20192020-tanev","status":"publish","type":"page","link":"https:\/\/dureriskola.hu\/bay\/?page_id=4161","title":{"rendered":"BEISKOL\u00c1Z\u00c1S 2024\/2025. tan\u00e9v"},"content":{"rendered":"<div class=\"fcbkbttn_buttons_block\" id=\"fcbkbttn_left\"><div class=\"fcbkbttn_button\">\n                            <a href=\"https:\/\/www.facebook.com\/\" target=\"_blank\">\n                                <img src=\"https:\/\/dureriskola.hu\/bay\/wp-content\/plugins\/facebook-button-plugin\/images\/standard-facebook-ico.png\" alt=\"Fb-Button\" \/>\n                            <\/a>\n                        <\/div><div class=\"fcbkbttn_like \"><fb:like href=\"https:\/\/dureriskola.hu\/bay\/?page_id=4161\" action=\"like\" colorscheme=\"dark\" layout=\"standard\" show-faces='false' width=\"225px\" size=\"small\"><\/fb:like><\/div><\/div>\n<p><a href=\"https:\/\/dureriskola.hu\/durer\/beiskolazas_2024\/korzethat_24_25.pdf\">A k\u00f6telez\u0151 felv\u00e9telt biztos\u00edt\u00f3 \u00e1ltal\u00e1nos iskol\u00e1k k\u00f6rzethat\u00e1rai &#8211; Gyulai j\u00e1r\u00e1s 2024 &#8211; 2025. tan\u00e9v<\/a><\/p>\n\n\n\n<p><a href=\"https:\/\/dureriskola.hu\/durer\/beiskolazas_2024\/kozlemeny_24_03.jpg\">K\u00f6zlem\u00e9ny a Gyulai Tanker\u00fcleti K\u00f6zpont fenntart\u00e1s\u00e1ban m\u0171k\u00f6d\u0151 \u00e1ltal\u00e1nos iskol\u00e1k 1. \u00e9vfolyam\u00e1ra t\u00f6rt\u00e9n\u0151 beiratkoz\u00e1sr\u00f3l<\/a><\/p>\n\n\n\n<p><a href=\"https:\/\/dureriskola.hu\/durer\/beiskolazas_2024\/kreta_tajekoztatas_2024.pdf\">KR\u00c9TA sz\u00fcl\u0151i t\u00e1j\u00e9koztat\u00f3 seg\u00e9dlet el\u0151zetes jelentkez\u00e9shez<\/a><\/p>\n\n\n\n<p><a href=\"https:\/\/dureriskola.hu\/durer\/beiskolazas_2024\/hiterkolcs_2024.pdf\">Hit &#8211; \u00e9s erk\u00f6lcstan oktat\u00e1s megszervez\u00e9se a 2024\/2025. tan\u00e9vre<\/a><\/p>\n","protected":false},"excerpt":{"rendered":"<p>A k\u00f6telez\u0151 felv\u00e9telt biztos\u00edt\u00f3 \u00e1ltal\u00e1nos iskol\u00e1k k\u00f6rzethat\u00e1rai &#8211; Gyulai j\u00e1r\u00e1s 2024 &#8211; 2025. tan\u00e9v K\u00f6zlem\u00e9ny a Gyulai Tanker\u00fcleti K\u00f6zpont fenntart\u00e1s\u00e1ban m\u0171k\u00f6d\u0151 \u00e1ltal\u00e1nos iskol\u00e1k 1. \u00e9vfolyam\u00e1ra t\u00f6rt\u00e9n\u0151 beiratkoz\u00e1sr\u00f3l KR\u00c9TA sz\u00fcl\u0151i t\u00e1j\u00e9koztat\u00f3 seg\u00e9dlet el\u0151zetes jelentkez\u00e9shez Hit &#8211; \u00e9s erk\u00f6lcstan oktat\u00e1s megszervez\u00e9se a 2024\/2025. tan\u00e9vre<\/p>\n","protected":false},"author":1,"featured_media":0,"parent":0,"menu_order":0,"comment_status":"closed","ping_status":"closed","template":"","meta":{"footnotes":""},"_links":{"self":[{"href":"https:\/\/dureriskola.hu\/bay\/index.php?rest_route=\/wp\/v2\/pages\/4161"}],"collection":[{"href":"https:\/\/dureriskola.hu\/bay\/index.php?rest_route=\/wp\/v2\/pages"}],"about":[{"href":"https:\/\/dureriskola.hu\/bay\/index.php?rest_route=\/wp\/v2\/types\/page"}],"author":[{"embeddable":true,"href":"https:\/\/dureriskola.hu\/bay\/index.php?rest_route=\/wp\/v2\/users\/1"}],"replies":[{"embeddable":true,"href":"https:\/\/dureriskola.hu\/bay\/index.php?rest_route=%2Fwp%2Fv2%2Fcomments&post=4161"}],"version-history":[{"count":30,"href":"https:\/\/dureriskola.hu\/bay\/index.php?rest_route=\/wp\/v2\/pages\/4161\/revisions"}],"predecessor-version":[{"id":5805,"href":"https:\/\/dureriskola.hu\/bay\/index.php?rest_route=\/wp\/v2\/pages\/4161\/revisions\/5805"}],"wp:attachment":[{"href":"https:\/\/dureriskola.hu\/bay\/index.php?rest_route=%2Fwp%2Fv2%2Fmedia&parent=4161"}],"curies":[{"name":"wp","href":"https:\/\/api.w.org\/{rel}","templated":true}]}}