{"id":4004,"date":"2019-02-08T09:42:49","date_gmt":"2019-02-08T09:42:49","guid":{"rendered":"http:\/\/dureriskola.hu\/bay\/?page_id=4004"},"modified":"2019-02-08T09:43:42","modified_gmt":"2019-02-08T09:43:42","slug":"alapitvanyunk","status":"publish","type":"page","link":"https:\/\/dureriskola.hu\/bay\/?page_id=4004","title":{"rendered":"Alap\u00edtv\u00e1nyunk"},"content":{"rendered":"<div class=\"fcbkbttn_buttons_block\" id=\"fcbkbttn_left\"><div class=\"fcbkbttn_button\">\n                            <a href=\"https:\/\/www.facebook.com\/\" target=\"_blank\">\n                                <img src=\"https:\/\/dureriskola.hu\/bay\/wp-content\/plugins\/facebook-button-plugin\/images\/standard-facebook-ico.png\" alt=\"Fb-Button\" \/>\n                            <\/a>\n                        <\/div><div class=\"fcbkbttn_like \"><fb:like href=\"https:\/\/dureriskola.hu\/bay\/?page_id=4004\" action=\"like\" colorscheme=\"dark\" layout=\"standard\" show-faces='false' width=\"225px\" size=\"small\"><\/fb:like><\/div><\/div><p style=\"text-align: center;\"><strong>Gyulav\u00e1ri \u00c1ltal\u00e1nos Iskol\u00e1\u00e9rt Alap\u00edtv\u00e1ny<\/strong><\/p>\n<p style=\"text-align: center;\"><strong><u>Ad\u00f3sz\u00e1m:<\/u><\/strong> <strong>18375107-1-04<\/strong><\/p>\n<p><em><strong><u>Az alap\u00edtv\u00e1ny c\u00e9lja:<\/u><\/strong><\/em><\/p>\n<p style=\"text-align: center;\">&#8211; a tanul\u00f3k erk\u00f6lcsi, anyagi megbecs\u00fcl\u00e9s\u00e9nek t\u00e1mogat\u00e1sa<\/p>\n<p style=\"text-align: center;\">&#8211; a magas szint\u0171 tanulm\u00e1nyi munka elismer\u00e9se<\/p>\n<p style=\"text-align: center;\">&#8211; a tanul\u00f3k tanulm\u00e1nyi versenyeinek eredm\u00e9ny szerinti d\u00edjaz\u00e1sa<\/p>\n<p style=\"text-align: center;\">&#8211; esetenk\u00e9nt a tehets\u00e9ges tanul\u00f3k seg\u00e9lyez\u00e9se<\/p>\n<p style=\"text-align: center;\">&#8211; a tov\u00e1bbtanul\u00e1s el\u0151seg\u00edt\u00e9se<\/p>\n<p style=\"text-align: center;\">&#8211; az iskolai sport- \u00e9s kultur\u00e1lis tev\u00e9kenys\u00e9gek el\u0151seg\u00edt\u00e9se<\/p>\n<p style=\"text-align: center;\">\n<p style=\"text-align: center;\">Ez\u00faton is k\u00f6sz\u00f6nj\u00fck tisztelt t\u00e1mogat\u00f3inknak az eddig felaj\u00e1nlott SZJA 1%-\u00e1t<\/p>\n<p style=\"text-align: center;\">K\u00e9rj\u00fck, ez \u00e9vben is t\u00e1mogass\u00e1k alap\u00edtv\u00e1nyunkat ad\u00f3juk 1%-\u00e1val, hogy tov\u00e1bbra is megval\u00f3s\u00edthassuk c\u00e9ljainkat!<\/p>\n","protected":false},"excerpt":{"rendered":"<p>Gyulav\u00e1ri \u00c1ltal\u00e1nos Iskol\u00e1\u00e9rt Alap\u00edtv\u00e1ny Ad\u00f3sz\u00e1m: 18375107-1-04 Az alap\u00edtv\u00e1ny c\u00e9lja: &#8211; a tanul\u00f3k erk\u00f6lcsi, anyagi megbecs\u00fcl\u00e9s\u00e9nek t\u00e1mogat\u00e1sa &#8211; a magas szint\u0171 tanulm\u00e1nyi munka elismer\u00e9se &#8211; a tanul\u00f3k tanulm\u00e1nyi versenyeinek eredm\u00e9ny szerinti d\u00edjaz\u00e1sa &#8211; esetenk\u00e9nt a tehets\u00e9ges tanul\u00f3k seg\u00e9lyez\u00e9se &#8211; a tov\u00e1bbtanul\u00e1s el\u0151seg\u00edt\u00e9se &#8211; az iskolai sport- \u00e9s kultur\u00e1lis tev\u00e9kenys\u00e9gek el\u0151seg\u00edt\u00e9se Ez\u00faton is k\u00f6sz\u00f6nj\u00fck tisztelt t\u00e1mogat\u00f3inknak az [&hellip;]<\/p>\n","protected":false},"author":1,"featured_media":0,"parent":123,"menu_order":0,"comment_status":"closed","ping_status":"closed","template":"","meta":{"footnotes":""},"_links":{"self":[{"href":"https:\/\/dureriskola.hu\/bay\/index.php?rest_route=\/wp\/v2\/pages\/4004"}],"collection":[{"href":"https:\/\/dureriskola.hu\/bay\/index.php?rest_route=\/wp\/v2\/pages"}],"about":[{"href":"https:\/\/dureriskola.hu\/bay\/index.php?rest_route=\/wp\/v2\/types\/page"}],"author":[{"embeddable":true,"href":"https:\/\/dureriskola.hu\/bay\/index.php?rest_route=\/wp\/v2\/users\/1"}],"replies":[{"embeddable":true,"href":"https:\/\/dureriskola.hu\/bay\/index.php?rest_route=%2Fwp%2Fv2%2Fcomments&post=4004"}],"version-history":[{"count":2,"href":"https:\/\/dureriskola.hu\/bay\/index.php?rest_route=\/wp\/v2\/pages\/4004\/revisions"}],"predecessor-version":[{"id":4006,"href":"https:\/\/dureriskola.hu\/bay\/index.php?rest_route=\/wp\/v2\/pages\/4004\/revisions\/4006"}],"up":[{"embeddable":true,"href":"https:\/\/dureriskola.hu\/bay\/index.php?rest_route=\/wp\/v2\/pages\/123"}],"wp:attachment":[{"href":"https:\/\/dureriskola.hu\/bay\/index.php?rest_route=%2Fwp%2Fv2%2Fmedia&parent=4004"}],"curies":[{"name":"wp","href":"https:\/\/api.w.org\/{rel}","templated":true}]}}