{"id":3997,"date":"2019-02-08T09:30:06","date_gmt":"2019-02-08T09:30:06","guid":{"rendered":"http:\/\/dureriskola.hu\/bay\/?page_id=3997"},"modified":"2019-02-08T09:32:21","modified_gmt":"2019-02-08T09:32:21","slug":"talcan-kinalt-egeszseg-megujult-a-kozetkeztetes","status":"publish","type":"page","link":"https:\/\/dureriskola.hu\/bay\/?page_id=3997","title":{"rendered":"T\u00c1LC\u00c1N K\u00cdN\u00c1LT EG\u00c9SZS\u00c9G &#8211; meg\u00fajult a k\u00f6z\u00e9tkeztet\u00e9s"},"content":{"rendered":"<div class=\"fcbkbttn_buttons_block\" id=\"fcbkbttn_left\"><div class=\"fcbkbttn_button\">\n                            <a href=\"https:\/\/www.facebook.com\/\" target=\"_blank\">\n                                <img src=\"https:\/\/dureriskola.hu\/bay\/wp-content\/plugins\/facebook-button-plugin\/images\/standard-facebook-ico.png\" alt=\"Fb-Button\" \/>\n                            <\/a>\n                        <\/div><div class=\"fcbkbttn_like \"><fb:like href=\"https:\/\/dureriskola.hu\/bay\/?page_id=3997\" action=\"like\" colorscheme=\"dark\" layout=\"standard\" show-faces='false' width=\"225px\" size=\"small\"><\/fb:like><\/div><\/div><p style=\"text-align: center;\"><a href=\"https:\/\/www.youtube.com\/watch?v=HrHv-omWAKQ&amp;feature=youtu.be\">T\u00c1LC\u00c1N K\u00cdN\u00c1LT EG\u00c9SZS\u00c9G &#8211; meg\u00fajult a k\u00f6z\u00e9tkeztet\u00e9s<\/a><\/p>\n","protected":false},"excerpt":{"rendered":"<p>T\u00c1LC\u00c1N K\u00cdN\u00c1LT EG\u00c9SZS\u00c9G &#8211; meg\u00fajult a k\u00f6z\u00e9tkeztet\u00e9s<\/p>\n","protected":false},"author":1,"featured_media":0,"parent":3951,"menu_order":0,"comment_status":"closed","ping_status":"closed","template":"","meta":{"footnotes":""},"_links":{"self":[{"href":"https:\/\/dureriskola.hu\/bay\/index.php?rest_route=\/wp\/v2\/pages\/3997"}],"collection":[{"href":"https:\/\/dureriskola.hu\/bay\/index.php?rest_route=\/wp\/v2\/pages"}],"about":[{"href":"https:\/\/dureriskola.hu\/bay\/index.php?rest_route=\/wp\/v2\/types\/page"}],"author":[{"embeddable":true,"href":"https:\/\/dureriskola.hu\/bay\/index.php?rest_route=\/wp\/v2\/users\/1"}],"replies":[{"embeddable":true,"href":"https:\/\/dureriskola.hu\/bay\/index.php?rest_route=%2Fwp%2Fv2%2Fcomments&post=3997"}],"version-history":[{"count":2,"href":"https:\/\/dureriskola.hu\/bay\/index.php?rest_route=\/wp\/v2\/pages\/3997\/revisions"}],"predecessor-version":[{"id":4000,"href":"https:\/\/dureriskola.hu\/bay\/index.php?rest_route=\/wp\/v2\/pages\/3997\/revisions\/4000"}],"up":[{"embeddable":true,"href":"https:\/\/dureriskola.hu\/bay\/index.php?rest_route=\/wp\/v2\/pages\/3951"}],"wp:attachment":[{"href":"https:\/\/dureriskola.hu\/bay\/index.php?rest_route=%2Fwp%2Fv2%2Fmedia&parent=3997"}],"curies":[{"name":"wp","href":"https:\/\/api.w.org\/{rel}","templated":true}]}}