{"id":3121,"date":"2015-04-16T10:15:45","date_gmt":"2015-04-16T10:15:45","guid":{"rendered":"http:\/\/dureriskola.hu\/bay\/?page_id=3121"},"modified":"2022-09-08T12:28:23","modified_gmt":"2022-09-08T12:28:23","slug":"kozzeteteli-lista","status":"publish","type":"page","link":"https:\/\/dureriskola.hu\/bay\/?page_id=3121","title":{"rendered":"Eb\u00e9dfizet\u00e9si id\u0151pontok"},"content":{"rendered":"<div class=\"fcbkbttn_buttons_block\" id=\"fcbkbttn_left\"><div class=\"fcbkbttn_button\">\n                            <a href=\"https:\/\/www.facebook.com\/\" target=\"_blank\">\n                                <img src=\"https:\/\/dureriskola.hu\/bay\/wp-content\/plugins\/facebook-button-plugin\/images\/standard-facebook-ico.png\" alt=\"Fb-Button\" \/>\n                            <\/a>\n                        <\/div><div class=\"fcbkbttn_like \"><fb:like href=\"https:\/\/dureriskola.hu\/bay\/?page_id=3121\" action=\"like\" colorscheme=\"dark\" layout=\"standard\" show-faces='false' width=\"225px\" size=\"small\"><\/fb:like><\/div><\/div>\n<figure class=\"wp-block-image\"><img decoding=\"async\" loading=\"lazy\" width=\"1240\" height=\"1754\" src=\"http:\/\/dureriskola.hu\/bay\/wp-content\/uploads\/2022\/09\/szeptember-1.jpg\" alt=\"\" class=\"wp-image-5499\" srcset=\"https:\/\/dureriskola.hu\/bay\/wp-content\/uploads\/2022\/09\/szeptember-1.jpg 1240w, https:\/\/dureriskola.hu\/bay\/wp-content\/uploads\/2022\/09\/szeptember-1-768x1086.jpg 768w\" sizes=\"(max-width: 1240px) 100vw, 1240px\" \/><\/figure>\n","protected":false},"excerpt":{"rendered":"","protected":false},"author":1,"featured_media":0,"parent":3951,"menu_order":0,"comment_status":"closed","ping_status":"closed","template":"","meta":{"footnotes":""},"_links":{"self":[{"href":"https:\/\/dureriskola.hu\/bay\/index.php?rest_route=\/wp\/v2\/pages\/3121"}],"collection":[{"href":"https:\/\/dureriskola.hu\/bay\/index.php?rest_route=\/wp\/v2\/pages"}],"about":[{"href":"https:\/\/dureriskola.hu\/bay\/index.php?rest_route=\/wp\/v2\/types\/page"}],"author":[{"embeddable":true,"href":"https:\/\/dureriskola.hu\/bay\/index.php?rest_route=\/wp\/v2\/users\/1"}],"replies":[{"embeddable":true,"href":"https:\/\/dureriskola.hu\/bay\/index.php?rest_route=%2Fwp%2Fv2%2Fcomments&post=3121"}],"version-history":[{"count":68,"href":"https:\/\/dureriskola.hu\/bay\/index.php?rest_route=\/wp\/v2\/pages\/3121\/revisions"}],"predecessor-version":[{"id":5500,"href":"https:\/\/dureriskola.hu\/bay\/index.php?rest_route=\/wp\/v2\/pages\/3121\/revisions\/5500"}],"up":[{"embeddable":true,"href":"https:\/\/dureriskola.hu\/bay\/index.php?rest_route=\/wp\/v2\/pages\/3951"}],"wp:attachment":[{"href":"https:\/\/dureriskola.hu\/bay\/index.php?rest_route=%2Fwp%2Fv2%2Fmedia&parent=3121"}],"curies":[{"name":"wp","href":"https:\/\/api.w.org\/{rel}","templated":true}]}}