{"id":3082,"date":"2015-03-16T10:17:43","date_gmt":"2015-03-16T10:17:43","guid":{"rendered":"http:\/\/dureriskola.hu\/bay\/?page_id=3082"},"modified":"2015-03-17T07:24:20","modified_gmt":"2015-03-17T07:24:20","slug":"modszereinkrol","status":"publish","type":"page","link":"https:\/\/dureriskola.hu\/bay\/?page_id=3082","title":{"rendered":"M\u00f3dszereinkr\u0151l"},"content":{"rendered":"<div class=\"fcbkbttn_buttons_block\" id=\"fcbkbttn_left\"><div class=\"fcbkbttn_button\">\n                            <a href=\"https:\/\/www.facebook.com\/\" target=\"_blank\">\n                                <img src=\"https:\/\/dureriskola.hu\/bay\/wp-content\/plugins\/facebook-button-plugin\/images\/standard-facebook-ico.png\" alt=\"Fb-Button\" \/>\n                            <\/a>\n                        <\/div><div class=\"fcbkbttn_like \"><fb:like href=\"https:\/\/dureriskola.hu\/bay\/?page_id=3082\" action=\"like\" colorscheme=\"dark\" layout=\"standard\" show-faces='false' width=\"225px\" size=\"small\"><\/fb:like><\/div><\/div><p style=\"text-align: center;\">Iskol\u00e1nk 100 \u00e9ves m\u00falttal \u00e9s \u00e9vtizedes hagyom\u00e1nyokkal rendelkezik.<\/p>\n<p style=\"text-align: center;\">Oktat\u00f3 nevel\u0151 munk\u00e1nk c\u00e9lja, hogy tanul\u00f3ink megszerezz\u00e9k az \u00e9letkoruknak megfelel\u0151 tant\u00e1rgyi ismereteket, amelyek biztos alapot ny\u00fajtanak a tov\u00e1bb tanul\u00e1sukhoz. N\u00e9vad\u00f3nk: Bay Zolt\u00e1n szellem\u00e9ben, a tud\u00e1s megbecs\u00fcl\u00e9s\u00e9re, a kitart\u00e1sra, a szorgalomra, a kezdem\u00e9nyez\u0151k\u00e9szs\u00e9gre, a kreativit\u00e1sra nevel\u00e9s a pedag\u00f3giai alapelv\u00fcnk.<\/p>\n<p style=\"text-align: center;\">Az \u00e1ltal\u00e1nos k\u00e9pz\u00e9s mellett nagy szerepet sz\u00e1nunk a gyermeki szem\u00e9lyis\u00e9g fejleszt\u00e9s\u00e9nek, kiteljes\u00edt\u00e9s\u00e9nek. A n\u00f6vend\u00e9kek k\u00e9pess\u00e9geihez, adotts\u00e1gaihoz, aktu\u00e1lis fejletts\u00e9gi szintj\u00e9hez igazod\u00f3 differenci\u00e1lt, csal\u00e1dias l\u00e9gk\u00f6r\u0171 b\u00e1n\u00e1sm\u00f3dot biztos\u00edtunk. Kiemelt szerepet kap a nyelvtanul\u00e1s, a sz\u00e1m\u00edt\u00e1stechnikai k\u00e9pz\u00e9s, a sportol\u00e1s \u00e9s a k\u00f6rnyezeti nevel\u00e9s, tehets\u00e9ggondoz\u00e1s. Az orsz\u00e1gos rendeletnek megfelel\u0151en n\u00e1lunk is van lehet\u0151s\u00e9g a hitoktat\u00e1son val\u00f3 r\u00e9szv\u00e9telre.<\/p>\n<p style=\"text-align: center;\">Als\u00f3 tagozaton eg\u00e9sz napos iskolarendszerben oktatunk, a fels\u0151 tagozaton tan\u00edt\u00e1si \u00f3r\u00e1k ut\u00e1n a szakk\u00f6r\u00f6k \u00e9s tehets\u00e9ggondoz\u00f3 foglalkoz\u00e1sok sz\u00e9les sk\u00e1l\u00e1j\u00e1t, valamint napk\u00f6zis ell\u00e1t\u00e1st biztos\u00edtunk.<\/p>\n<p style=\"text-align: center;\">Our educational program gives priority to two kinds of values: humanity and creativity. With the forming of these two\u00a0 values and abilities, we prepare our students for continuous learning. So as to achieve this, competency-based education\u00a0 was introduced in the school year of 2009\/2010. In this way, students will possess skills that they will need in secondary\u00a0 school and their adult life. The children are provided with differential treatment, individual, pair and group work suited\u00a0 to their abilities, endowments and the current level of their development. Every child is treated as an individual.\u00a0 The characteristics of this education:\u00a0 The aim of the introductory period (1st and 2nd year) is to give self-confidence to each child, to establish a positive\u00a0 attitude to learning, to the school, and develop fluency in communication, which is necessary for self-expression and\u00a0 understanding other people. Sufficient time is allowed for skill development, taking into account the child\u2019s personality\u00a0 and individual pace of progress as much as possible.\u00a0 The two defining characteristics of the first two years in our school is the application of the Meixner method and all-day\u00a0 school education. This reading teaching method takes into account the special characteristics of the Hungarian language\u00a0 and the individual child, and provides enough time for the reading to ripen. Compared with other methods, it develops\u00a0 reading skills more thoroughly and more detailed. It is a synthesizing, i.e. syllabic method of teaching reading. It makes\u00a0 the development of spelling skills easier, since the problems of word separation cease and errors concerning the duration\u00a0 of sounds can be avoided as well.\u00a0\u00a0 In order to ease the possible anxiety of the children starting school, we have joint programs with the \u00d3v\u00e1ri and \u00dajv\u00e1ri\u00a0 kindergartens, so in September, first grade children and their teachers can greet each other as acquaintances. In their first\u00a0 school year, childern are transferred from kindergarten to school gradually. Games and playfulness are maintained\u00a0 during the lessons as well.\u00a0 Highlights in our school:\u00a0 In the teaching of mathematics, the soroban method is an option. Children can get acquainted with the English language\u00a0 from the first grade. General ability development, talent care and, if necessary, further skills development lessons are\u00a0 held.\u00a0\u00a0 The children\u2019s free time is enriched by afternoon occupation (chess, folk dance, karate). With the expansion and modernization of our library, our students are given several opportunities for self-education. We offer a wide range of sporting opportunities in our gym. Religious education is also available. The preparedness of our teachers and the equipment of our school ensure all the opportunities for high standard teaching and education.<\/p>\n<p style=\"text-align: center;\">Kiemelt szerepet kap iskol\u00e1nkban: Matematikatan\u00edt\u00e1sban v\u00e1laszthat\u00f3 a szorob\u00e1n m\u00f3dszer,angol nyelvvel els\u0151 oszt\u00e1lyt\u00f3l ismerkedhetnek a gyerekek,\u00e1lt k\u00e9pess\u00e9g fejleszt\u00e9st, tehets\u00e9ggondoz\u00e1st v\u00e9gz\u00fcnk,\u00fcks\u00e9g szerint fejleszt\u0151 foglalkoz\u00e1sokat tartunk,\u00edv d\u00e9lut\u00e1ni foglalkoz\u00e1sokkal sz\u00ednes\u00edtj\u00fck a gyerekek szabadidej\u00e9t (sakk, n\u00e9pt\u00e1nc, karate)\u00f6nyvt\u00e1runk b\u0151v\u00edt\u00e9s\u00e9vel \u00e9s moderniz\u00e1l\u00e1s\u00e1val gazdag lehet\u0151s\u00e9g ny\u00edlik tanul\u00f3inknak az \u00f6nk\u00e9pz\u00e9sre is,\u00e9les k\u00f6r\u0171 sportol\u00e1si lehet\u0151s\u00e9get k\u00edn\u00e1lunk tornaterm\u00fcnkben,\u00edv hitoktat\u00e1sra is lehet\u0151s\u00e9get biztos\u00edtunk. Pedag\u00f3gusaink felk\u00e9sz\u00fclts\u00e9ge \u00e9s felszerelts\u00e9g\u00fcnk minden felt\u00e9telt biztos\u00edt a sz\u00ednvonalas oktat\u00e1shoz, nevel\u00e9shez.<\/p>\n","protected":false},"excerpt":{"rendered":"<p>Iskol\u00e1nk 100 \u00e9ves m\u00falttal \u00e9s \u00e9vtizedes hagyom\u00e1nyokkal rendelkezik. Oktat\u00f3 nevel\u0151 munk\u00e1nk c\u00e9lja, hogy tanul\u00f3ink megszerezz\u00e9k az \u00e9letkoruknak megfelel\u0151 tant\u00e1rgyi ismereteket, amelyek biztos alapot ny\u00fajtanak a tov\u00e1bb tanul\u00e1sukhoz. N\u00e9vad\u00f3nk: Bay Zolt\u00e1n szellem\u00e9ben, a tud\u00e1s megbecs\u00fcl\u00e9s\u00e9re, a kitart\u00e1sra, a szorgalomra, a kezdem\u00e9nyez\u0151k\u00e9szs\u00e9gre, a kreativit\u00e1sra nevel\u00e9s a pedag\u00f3giai alapelv\u00fcnk. Az \u00e1ltal\u00e1nos k\u00e9pz\u00e9s mellett nagy szerepet sz\u00e1nunk a gyermeki [&hellip;]<\/p>\n","protected":false},"author":1,"featured_media":0,"parent":123,"menu_order":0,"comment_status":"closed","ping_status":"closed","template":"","meta":{"footnotes":""},"_links":{"self":[{"href":"https:\/\/dureriskola.hu\/bay\/index.php?rest_route=\/wp\/v2\/pages\/3082"}],"collection":[{"href":"https:\/\/dureriskola.hu\/bay\/index.php?rest_route=\/wp\/v2\/pages"}],"about":[{"href":"https:\/\/dureriskola.hu\/bay\/index.php?rest_route=\/wp\/v2\/types\/page"}],"author":[{"embeddable":true,"href":"https:\/\/dureriskola.hu\/bay\/index.php?rest_route=\/wp\/v2\/users\/1"}],"replies":[{"embeddable":true,"href":"https:\/\/dureriskola.hu\/bay\/index.php?rest_route=%2Fwp%2Fv2%2Fcomments&post=3082"}],"version-history":[{"count":4,"href":"https:\/\/dureriskola.hu\/bay\/index.php?rest_route=\/wp\/v2\/pages\/3082\/revisions"}],"predecessor-version":[{"id":3115,"href":"https:\/\/dureriskola.hu\/bay\/index.php?rest_route=\/wp\/v2\/pages\/3082\/revisions\/3115"}],"up":[{"embeddable":true,"href":"https:\/\/dureriskola.hu\/bay\/index.php?rest_route=\/wp\/v2\/pages\/123"}],"wp:attachment":[{"href":"https:\/\/dureriskola.hu\/bay\/index.php?rest_route=%2Fwp%2Fv2%2Fmedia&parent=3082"}],"curies":[{"name":"wp","href":"https:\/\/api.w.org\/{rel}","templated":true}]}}