{"id":2583,"date":"2014-11-11T09:33:18","date_gmt":"2014-11-11T08:33:18","guid":{"rendered":"http:\/\/www.gyaki.hu\/durer\/?page_id=2583"},"modified":"2019-02-05T10:32:43","modified_gmt":"2019-02-05T10:32:43","slug":"tanevkezdo-emminens-2014","status":"publish","type":"page","link":"https:\/\/dureriskola.hu\/bay\/?page_id=2583","title":{"rendered":"K\u00f6z\u00e9tkeztet\u00e9si t\u00e1mogat\u00e1s"},"content":{"rendered":"<div class=\"fcbkbttn_buttons_block\" id=\"fcbkbttn_left\"><div class=\"fcbkbttn_button\">\n                            <a href=\"https:\/\/www.facebook.com\/\" target=\"_blank\">\n                                <img src=\"https:\/\/dureriskola.hu\/bay\/wp-content\/plugins\/facebook-button-plugin\/images\/standard-facebook-ico.png\" alt=\"Fb-Button\" \/>\n                            <\/a>\n                        <\/div><div class=\"fcbkbttn_like \"><fb:like href=\"https:\/\/dureriskola.hu\/bay\/?page_id=2583\" action=\"like\" colorscheme=\"dark\" layout=\"standard\" show-faces='false' width=\"225px\" size=\"small\"><\/fb:like><\/div><\/div><h5 style=\"text-align: center;\"><span class=\"st\"> Amit sz\u00fcl\u0151nek \u00e9s di\u00e1knak tudni \u00e9rdemes. <\/span><\/h5>\n<p style=\"text-align: center;\"><strong><a href=\"http:\/\/dureriskola.hu\/durer\/doksik\/kozetk_tam_taj.pdf\">Gyula v\u00e1ros \u00f6nkorm\u00e1nyzat\u00e1nak t\u00e1j\u00e9koztat\u00f3ja<\/a><\/strong><\/p>\n","protected":false},"excerpt":{"rendered":"<p>Amit sz\u00fcl\u0151nek \u00e9s di\u00e1knak tudni \u00e9rdemes. Gyula v\u00e1ros \u00f6nkorm\u00e1nyzat\u00e1nak t\u00e1j\u00e9koztat\u00f3ja<\/p>\n","protected":false},"author":1,"featured_media":0,"parent":3951,"menu_order":0,"comment_status":"closed","ping_status":"closed","template":"","meta":{"footnotes":""},"_links":{"self":[{"href":"https:\/\/dureriskola.hu\/bay\/index.php?rest_route=\/wp\/v2\/pages\/2583"}],"collection":[{"href":"https:\/\/dureriskola.hu\/bay\/index.php?rest_route=\/wp\/v2\/pages"}],"about":[{"href":"https:\/\/dureriskola.hu\/bay\/index.php?rest_route=\/wp\/v2\/types\/page"}],"author":[{"embeddable":true,"href":"https:\/\/dureriskola.hu\/bay\/index.php?rest_route=\/wp\/v2\/users\/1"}],"replies":[{"embeddable":true,"href":"https:\/\/dureriskola.hu\/bay\/index.php?rest_route=%2Fwp%2Fv2%2Fcomments&post=2583"}],"version-history":[{"count":2,"href":"https:\/\/dureriskola.hu\/bay\/index.php?rest_route=\/wp\/v2\/pages\/2583\/revisions"}],"predecessor-version":[{"id":3891,"href":"https:\/\/dureriskola.hu\/bay\/index.php?rest_route=\/wp\/v2\/pages\/2583\/revisions\/3891"}],"up":[{"embeddable":true,"href":"https:\/\/dureriskola.hu\/bay\/index.php?rest_route=\/wp\/v2\/pages\/3951"}],"wp:attachment":[{"href":"https:\/\/dureriskola.hu\/bay\/index.php?rest_route=%2Fwp%2Fv2%2Fmedia&parent=2583"}],"curies":[{"name":"wp","href":"https:\/\/api.w.org\/{rel}","templated":true}]}}